{"id":1164,"date":"2024-03-31T16:08:42","date_gmt":"2024-03-31T19:08:42","guid":{"rendered":"https:\/\/medicinaancestralsagrada.com\/?page_id=1164"},"modified":"2025-11-13T21:29:01","modified_gmt":"2025-11-14T00:29:01","slug":"pocimas-alquimicas","status":"publish","type":"page","link":"https:\/\/medicinaancestralsagrada.com\/index.php\/pocimas-alquimicas\/","title":{"rendered":"P\u00f3cimas alqu\u00edmicas"},"content":{"rendered":"\t\t<div data-elementor-type=\"wp-page\" data-elementor-id=\"1164\" class=\"elementor elementor-1164\" data-elementor-post-type=\"page\">\n\t\t\t\t\t\t<section class=\"elementor-section elementor-top-section elementor-element elementor-element-308f30e6 elementor-section-full_width elementor-section-height-default elementor-section-height-default\" data-id=\"308f30e6\" data-element_type=\"section\" data-settings=\"{&quot;background_background&quot;:&quot;gradient&quot;}\">\n\t\t\t\t\t\t\t<div class=\"elementor-background-overlay\"><\/div>\n\t\t\t\t\t\t\t<div class=\"elementor-container elementor-column-gap-default\">\n\t\t\t\t\t<div class=\"elementor-column elementor-col-100 elementor-top-column elementor-element elementor-element-4452f38e\" data-id=\"4452f38e\" data-element_type=\"column\" data-settings=\"{&quot;background_background&quot;:&quot;classic&quot;}\">\n\t\t\t<div class=\"elementor-widget-wrap elementor-element-populated\">\n\t\t\t\t\t\t<section class=\"elementor-section elementor-inner-section elementor-element elementor-element-325b53c2 elementor-section-boxed elementor-section-height-default elementor-section-height-default\" data-id=\"325b53c2\" data-element_type=\"section\">\n\t\t\t\t\t\t<div class=\"elementor-container elementor-column-gap-default\">\n\t\t\t\t\t<div class=\"elementor-column elementor-col-100 elementor-inner-column elementor-element elementor-element-6fba3111\" data-id=\"6fba3111\" data-element_type=\"column\">\n\t\t\t<div class=\"elementor-widget-wrap elementor-element-populated\">\n\t\t\t\t\t\t<div class=\"elementor-element elementor-element-abfa8c6 elementor-invisible elementor-widget elementor-widget-theme-site-logo elementor-widget-image\" data-id=\"abfa8c6\" data-element_type=\"widget\" data-settings=\"{&quot;_animation&quot;:&quot;zoomIn&quot;}\" data-widget_type=\"theme-site-logo.default\">\n\t\t\t\t<div class=\"elementor-widget-container\">\n\t\t\t\t\t\t\t\t<div class=\"elementor-image\">\n\t\t\t\t\t\t\t\t<a href=\"https:\/\/medicinaancestralsagrada.com\">\n\t\t\t<img fetchpriority=\"high\" decoding=\"async\" width=\"822\" height=\"246\" src=\"https:\/\/medicinaancestralsagrada.com\/wp-content\/uploads\/2024\/02\/LOGOsite6-330x99.png\" class=\"attachment-full size-full wp-image-373\" alt=\"\" srcset=\"https:\/\/medicinaancestralsagrada.com\/wp-content\/uploads\/2024\/02\/LOGOsite6.png 822w, https:\/\/medicinaancestralsagrada.com\/wp-content\/uploads\/2024\/02\/LOGOsite6-300x90.png 300w, https:\/\/medicinaancestralsagrada.com\/wp-content\/uploads\/2024\/02\/LOGOsite6-768x230.png 768w, https:\/\/medicinaancestralsagrada.com\/wp-content\/uploads\/2024\/02\/LOGOsite6-600x180.png 600w, https:\/\/medicinaancestralsagrada.com\/wp-content\/uploads\/2024\/02\/LOGOsite6-330x99.png 330w\" sizes=\"(max-width: 822px) 100vw, 822px\" \/>\t\t\t\t<\/a>\n\t\t\t\t\t\t\t\t\t\t<\/div>\n\t\t\t\t\t\t<\/div>\n\t\t\t\t<\/div>\n\t\t\t\t<div class=\"elementor-element elementor-element-6d618b54 elementor-invisible elementor-widget elementor-widget-heading\" data-id=\"6d618b54\" data-element_type=\"widget\" data-settings=\"{&quot;_animation&quot;:&quot;slideInLeft&quot;}\" data-widget_type=\"heading.default\">\n\t\t\t\t<div class=\"elementor-widget-container\">\n\t\t\t<h2 class=\"elementor-heading-title elementor-size-default\">P\u00f3cimas alqu\u00edmicas<\/h2>\t\t<\/div>\n\t\t\t\t<\/div>\n\t\t\t\t<div class=\"elementor-element elementor-element-4300cfe7 elementor-invisible elementor-widget elementor-widget-text-editor\" data-id=\"4300cfe7\" data-element_type=\"widget\" data-settings=\"{&quot;_animation&quot;:&quot;slideInRight&quot;}\" data-widget_type=\"text-editor.default\">\n\t\t\t\t<div class=\"elementor-widget-container\">\n\t\t\t\t\t\t\t<p>Nuestras P\u00f3cimas Alqu\u00edmicas son el arte de transformar lo cotidiano en ritual. Elaboradas con esencias naturales, hierbas y saber ancestral, invitan a conectar con tu magia interior. Usalas para armonizar espacios, intenciones y emociones. Energ\u00eda sutil en cada gota, creada con prop\u00f3sito y alma.<\/p>\t\t\t\t\t\t<\/div>\n\t\t\t\t<\/div>\n\t\t\t\t\t<\/div>\n\t\t<\/div>\n\t\t\t\t\t<\/div>\n\t\t<\/section>\n\t\t\t\t<div class=\"elementor-element elementor-element-761ffe1 elementor-invisible elementor-widget elementor-widget-jet-woo-products\" data-id=\"761ffe1\" data-element_type=\"widget\" data-settings=\"{&quot;_animation&quot;:&quot;slideInUp&quot;}\" data-widget_type=\"jet-woo-products.default\">\n\t\t\t\t<div class=\"elementor-widget-container\">\n\t\t\t<div class=\"elementor-jet-woo-products jet-woo-builder\">\n<div class=\"jet-woo-products jet-woo-products--preset-1  col-row\" data-mobile-hover=\"\" >\n<div class=\"jet-woo-products__item jet-woo-builder-product col-desk-4 col-tab-2 col-mob-1\" data-product-id=\"1309\">\n\t<div class=\"jet-woo-products__inner-box \"   >\n\t\t<div class=\"jet-woo-product-thumbnail\">\n\t\t<a href=\"https:\/\/medicinaancestralsagrada.com\/index.php\/producto\/cana-con-ruda\/\" ><img decoding=\"async\" width=\"300\" height=\"300\" src=\"https:\/\/medicinaancestralsagrada.com\/wp-content\/uploads\/2024\/04\/CANA-CON-RUDA-300x300.webp\" class=\"attachment-woocommerce_thumbnail size-woocommerce_thumbnail\" alt=\"\" srcset=\"https:\/\/medicinaancestralsagrada.com\/wp-content\/uploads\/2024\/04\/CANA-CON-RUDA-300x300.webp 300w, https:\/\/medicinaancestralsagrada.com\/wp-content\/uploads\/2024\/04\/CANA-CON-RUDA-150x150.webp 150w, https:\/\/medicinaancestralsagrada.com\/wp-content\/uploads\/2024\/04\/CANA-CON-RUDA-600x598.webp 600w, https:\/\/medicinaancestralsagrada.com\/wp-content\/uploads\/2024\/04\/CANA-CON-RUDA-100x100.webp 100w, https:\/\/medicinaancestralsagrada.com\/wp-content\/uploads\/2024\/04\/CANA-CON-RUDA.webp 702w\" sizes=\"(max-width: 300px) 100vw, 300px\" \/><\/a>\t<div class=\"jet-woo-product-img-overlay\"><\/div>\n\t<\/div>\n<div class=\"jet-woo-product-categories\"><ul><li><a href=\"https:\/\/medicinaancestralsagrada.com\/index.php\/categoria-producto\/pocimas\/\" rel=\"tag\">P\u00f3cimas alqu\u00edmicas<\/a><\/li><\/ul><\/div><h5 class=\"jet-woo-product-title\" ><a href=\"https:\/\/medicinaancestralsagrada.com\/index.php\/producto\/cana-con-ruda\/\" >Ca\u00f1a con ruda<\/a><\/h5>\n<div class=\"jet-woo-product-excerpt\"><\/div>\n<div class=\"jet-woo-product-button\"><a href=\"https:\/\/medicinaancestralsagrada.com\/index.php\/producto\/cana-con-ruda\/\" data-quantity=\"1\" class=\"button product_type_simple\" data-product_id=\"1309\" data-product_sku=\"V0096\" aria-label=\"Read more about &ldquo;Ca\u00f1a con ruda&rdquo;\" rel=\"nofollow\">Read more<\/a><\/div>\n<div class=\"jet-woo-products-cqw-wrapper\">\n\t<\/div>\t<\/div>\n\t<\/div>\n<div class=\"jet-woo-products__item jet-woo-builder-product col-desk-4 col-tab-2 col-mob-1\" data-product-id=\"990\">\n\t<div class=\"jet-woo-products__inner-box \"   >\n\t\t<div class=\"jet-woo-product-thumbnail\">\n\t\t<a href=\"https:\/\/medicinaancestralsagrada.com\/index.php\/producto\/miel-botanica\/\" ><img decoding=\"async\" width=\"300\" height=\"300\" src=\"https:\/\/medicinaancestralsagrada.com\/wp-content\/uploads\/2024\/04\/MIEL-BOTANICA-300x300.webp\" class=\"attachment-woocommerce_thumbnail size-woocommerce_thumbnail\" alt=\"\" srcset=\"https:\/\/medicinaancestralsagrada.com\/wp-content\/uploads\/2024\/04\/MIEL-BOTANICA-300x300.webp 300w, https:\/\/medicinaancestralsagrada.com\/wp-content\/uploads\/2024\/04\/MIEL-BOTANICA-150x150.webp 150w, https:\/\/medicinaancestralsagrada.com\/wp-content\/uploads\/2024\/04\/MIEL-BOTANICA-600x598.webp 600w, https:\/\/medicinaancestralsagrada.com\/wp-content\/uploads\/2024\/04\/MIEL-BOTANICA-100x100.webp 100w, https:\/\/medicinaancestralsagrada.com\/wp-content\/uploads\/2024\/04\/MIEL-BOTANICA.webp 702w\" sizes=\"(max-width: 300px) 100vw, 300px\" \/><\/a>\t<div class=\"jet-woo-product-img-overlay\"><\/div>\n\t<\/div>\n<div class=\"jet-woo-product-categories\"><ul><li><a href=\"https:\/\/medicinaancestralsagrada.com\/index.php\/categoria-producto\/pocimas\/\" rel=\"tag\">P\u00f3cimas alqu\u00edmicas<\/a><\/li><\/ul><\/div><h5 class=\"jet-woo-product-title\" ><a href=\"https:\/\/medicinaancestralsagrada.com\/index.php\/producto\/miel-botanica\/\" >Miel bot\u00e1nica<\/a><\/h5>\n<div class=\"jet-woo-product-price\"><span class=\"woocommerce-Price-amount amount\"><bdi><span class=\"woocommerce-Price-currencySymbol\">&#36;<\/span>&nbsp;7.500,00<\/bdi><\/span> &ndash; <span class=\"woocommerce-Price-amount amount\"><bdi><span class=\"woocommerce-Price-currencySymbol\">&#36;<\/span>&nbsp;10.000,00<\/bdi><\/span><\/div>\n<div class=\"jet-woo-product-excerpt\"><\/div>\n<div class=\"jet-woo-product-button\"><a href=\"https:\/\/medicinaancestralsagrada.com\/index.php\/producto\/miel-botanica\/\" data-quantity=\"1\" class=\"button product_type_variable add_to_cart_button\" data-product_id=\"990\" data-product_sku=\"V0091\" aria-label=\"Select options for &ldquo;Miel bot\u00e1nica&rdquo;\" rel=\"nofollow\">Select options<\/a><\/div>\n<div class=\"jet-woo-products-cqw-wrapper\">\n\t<\/div>\t<\/div>\n\t<\/div>\n<div class=\"jet-woo-products__item jet-woo-builder-product col-desk-4 col-tab-2 col-mob-1\" data-product-id=\"994\">\n\t<div class=\"jet-woo-products__inner-box \"   >\n\t\t<div class=\"jet-woo-product-thumbnail\">\n\t\t<a href=\"https:\/\/medicinaancestralsagrada.com\/index.php\/producto\/hongos-adaptogenos\/\" ><img loading=\"lazy\" decoding=\"async\" width=\"300\" height=\"300\" src=\"https:\/\/medicinaancestralsagrada.com\/wp-content\/uploads\/2024\/04\/CAPSULAS-DE-MELENA-DE-LEON-REISHI-300x300.webp\" class=\"attachment-woocommerce_thumbnail size-woocommerce_thumbnail\" alt=\"\" srcset=\"https:\/\/medicinaancestralsagrada.com\/wp-content\/uploads\/2024\/04\/CAPSULAS-DE-MELENA-DE-LEON-REISHI-300x300.webp 300w, https:\/\/medicinaancestralsagrada.com\/wp-content\/uploads\/2024\/04\/CAPSULAS-DE-MELENA-DE-LEON-REISHI-150x150.webp 150w, https:\/\/medicinaancestralsagrada.com\/wp-content\/uploads\/2024\/04\/CAPSULAS-DE-MELENA-DE-LEON-REISHI-600x598.webp 600w, https:\/\/medicinaancestralsagrada.com\/wp-content\/uploads\/2024\/04\/CAPSULAS-DE-MELENA-DE-LEON-REISHI-100x100.webp 100w, https:\/\/medicinaancestralsagrada.com\/wp-content\/uploads\/2024\/04\/CAPSULAS-DE-MELENA-DE-LEON-REISHI.webp 702w\" sizes=\"(max-width: 300px) 100vw, 300px\" \/><\/a>\t<div class=\"jet-woo-product-img-overlay\"><\/div>\n\t<\/div>\n<div class=\"jet-woo-product-categories\"><ul><li><a href=\"https:\/\/medicinaancestralsagrada.com\/index.php\/categoria-producto\/pocimas\/\" rel=\"tag\">P\u00f3cimas alqu\u00edmicas<\/a><\/li><\/ul><\/div><h5 class=\"jet-woo-product-title\" ><a href=\"https:\/\/medicinaancestralsagrada.com\/index.php\/producto\/hongos-adaptogenos\/\" >Hongos adapt\u00f3genos<\/a><\/h5>\n<div class=\"jet-woo-product-price\"><span class=\"woocommerce-Price-amount amount\"><bdi><span class=\"woocommerce-Price-currencySymbol\">&#36;<\/span>&nbsp;15.000,00<\/bdi><\/span> &ndash; <span class=\"woocommerce-Price-amount amount\"><bdi><span class=\"woocommerce-Price-currencySymbol\">&#36;<\/span>&nbsp;25.000,00<\/bdi><\/span><\/div>\n<div class=\"jet-woo-product-excerpt\"><\/div>\n<div class=\"jet-woo-product-button\"><a href=\"https:\/\/medicinaancestralsagrada.com\/index.php\/producto\/hongos-adaptogenos\/\" data-quantity=\"1\" class=\"button product_type_variable add_to_cart_button\" data-product_id=\"994\" data-product_sku=\"V0095\" aria-label=\"Select options for &ldquo;Hongos adapt\u00f3genos&rdquo;\" rel=\"nofollow\">Select options<\/a><\/div>\n<div class=\"jet-woo-products-cqw-wrapper\">\n\t<\/div>\t<\/div>\n\t<\/div>\n<div class=\"jet-woo-products__item jet-woo-builder-product col-desk-4 col-tab-2 col-mob-1\" data-product-id=\"993\">\n\t<div class=\"jet-woo-products__inner-box \"   >\n\t\t<div class=\"jet-woo-product-thumbnail\">\n\t\t<a href=\"https:\/\/medicinaancestralsagrada.com\/index.php\/producto\/esencias-florales\/\" ><img loading=\"lazy\" decoding=\"async\" width=\"300\" height=\"300\" src=\"https:\/\/medicinaancestralsagrada.com\/wp-content\/uploads\/2024\/04\/ESENCIAS-FLORALES-300x300.webp\" class=\"attachment-woocommerce_thumbnail size-woocommerce_thumbnail\" alt=\"\" srcset=\"https:\/\/medicinaancestralsagrada.com\/wp-content\/uploads\/2024\/04\/ESENCIAS-FLORALES-300x300.webp 300w, https:\/\/medicinaancestralsagrada.com\/wp-content\/uploads\/2024\/04\/ESENCIAS-FLORALES-150x150.webp 150w, https:\/\/medicinaancestralsagrada.com\/wp-content\/uploads\/2024\/04\/ESENCIAS-FLORALES-600x598.webp 600w, https:\/\/medicinaancestralsagrada.com\/wp-content\/uploads\/2024\/04\/ESENCIAS-FLORALES-100x100.webp 100w, https:\/\/medicinaancestralsagrada.com\/wp-content\/uploads\/2024\/04\/ESENCIAS-FLORALES.webp 702w\" sizes=\"(max-width: 300px) 100vw, 300px\" \/><\/a>\t<div class=\"jet-woo-product-img-overlay\"><\/div>\n\t<\/div>\n<div class=\"jet-woo-product-categories\"><ul><li><a href=\"https:\/\/medicinaancestralsagrada.com\/index.php\/categoria-producto\/pocimas\/\" rel=\"tag\">P\u00f3cimas alqu\u00edmicas<\/a><\/li><\/ul><\/div><h5 class=\"jet-woo-product-title\" ><a href=\"https:\/\/medicinaancestralsagrada.com\/index.php\/producto\/esencias-florales\/\" >Esencias florales<\/a><\/h5>\n<div class=\"jet-woo-product-excerpt\"><\/div>\n<div class=\"jet-woo-product-button\"><a href=\"https:\/\/medicinaancestralsagrada.com\/index.php\/producto\/esencias-florales\/\" data-quantity=\"1\" class=\"button product_type_simple\" data-product_id=\"993\" data-product_sku=\"V0094\" aria-label=\"Read more about &ldquo;Esencias florales&rdquo;\" rel=\"nofollow\">Read more<\/a><\/div>\n<div class=\"jet-woo-products-cqw-wrapper\">\n\t<\/div>\t<\/div>\n\t<\/div>\n<div class=\"jet-woo-products__item jet-woo-builder-product col-desk-4 col-tab-2 col-mob-1\" data-product-id=\"992\">\n\t<div class=\"jet-woo-products__inner-box \"   >\n\t\t<div class=\"jet-woo-product-thumbnail\">\n\t\t<a href=\"https:\/\/medicinaancestralsagrada.com\/index.php\/producto\/aceite-chamanico-para-sonar\/\" ><img loading=\"lazy\" decoding=\"async\" width=\"300\" height=\"300\" src=\"https:\/\/medicinaancestralsagrada.com\/wp-content\/uploads\/2024\/04\/ACEITE-CHAMANICO-PARA-SONAR2-300x300.webp\" class=\"attachment-woocommerce_thumbnail size-woocommerce_thumbnail\" alt=\"\" srcset=\"https:\/\/medicinaancestralsagrada.com\/wp-content\/uploads\/2024\/04\/ACEITE-CHAMANICO-PARA-SONAR2-300x300.webp 300w, https:\/\/medicinaancestralsagrada.com\/wp-content\/uploads\/2024\/04\/ACEITE-CHAMANICO-PARA-SONAR2-150x150.webp 150w, https:\/\/medicinaancestralsagrada.com\/wp-content\/uploads\/2024\/04\/ACEITE-CHAMANICO-PARA-SONAR2-600x598.webp 600w, https:\/\/medicinaancestralsagrada.com\/wp-content\/uploads\/2024\/04\/ACEITE-CHAMANICO-PARA-SONAR2-100x100.webp 100w, https:\/\/medicinaancestralsagrada.com\/wp-content\/uploads\/2024\/04\/ACEITE-CHAMANICO-PARA-SONAR2.webp 702w\" sizes=\"(max-width: 300px) 100vw, 300px\" \/><\/a>\t<div class=\"jet-woo-product-img-overlay\"><\/div>\n\t<\/div>\n<div class=\"jet-woo-product-categories\"><ul><li><a href=\"https:\/\/medicinaancestralsagrada.com\/index.php\/categoria-producto\/pocimas\/\" rel=\"tag\">P\u00f3cimas alqu\u00edmicas<\/a><\/li><\/ul><\/div><h5 class=\"jet-woo-product-title\" ><a href=\"https:\/\/medicinaancestralsagrada.com\/index.php\/producto\/aceite-chamanico-para-sonar\/\" >Aceite cham\u00e1nico para so\u00f1ar<\/a><\/h5>\n<div class=\"jet-woo-product-price\"><span class=\"woocommerce-Price-amount amount\"><bdi><span class=\"woocommerce-Price-currencySymbol\">&#36;<\/span>&nbsp;7.000,00<\/bdi><\/span><\/div>\n<div class=\"jet-woo-product-excerpt\"><\/div>\n<div class=\"jet-woo-product-button\"><a href=\"?add-to-cart=992\" data-quantity=\"1\" class=\"button product_type_simple add_to_cart_button ajax_add_to_cart\" data-product_id=\"992\" data-product_sku=\"V0093\" aria-label=\"Add to cart: &ldquo;Aceite cham\u00e1nico para so\u00f1ar&rdquo;\" rel=\"nofollow\">Add to cart<\/a><\/div>\n<div class=\"jet-woo-products-cqw-wrapper\">\n\t<\/div>\t<\/div>\n\t<\/div>\n<div class=\"jet-woo-products__item jet-woo-builder-product col-desk-4 col-tab-2 col-mob-1\" data-product-id=\"991\">\n\t<div class=\"jet-woo-products__inner-box \"   >\n\t\t<div class=\"jet-woo-product-thumbnail\">\n\t\t<a href=\"https:\/\/medicinaancestralsagrada.com\/index.php\/producto\/tinturas-y-extractos\/\" ><img loading=\"lazy\" decoding=\"async\" width=\"300\" height=\"300\" src=\"https:\/\/medicinaancestralsagrada.com\/wp-content\/uploads\/2024\/04\/TINTURA-MADRE-ALQUIMICA-300x300.webp\" class=\"attachment-woocommerce_thumbnail size-woocommerce_thumbnail\" alt=\"\" srcset=\"https:\/\/medicinaancestralsagrada.com\/wp-content\/uploads\/2024\/04\/TINTURA-MADRE-ALQUIMICA-300x300.webp 300w, https:\/\/medicinaancestralsagrada.com\/wp-content\/uploads\/2024\/04\/TINTURA-MADRE-ALQUIMICA-150x150.webp 150w, https:\/\/medicinaancestralsagrada.com\/wp-content\/uploads\/2024\/04\/TINTURA-MADRE-ALQUIMICA-600x598.webp 600w, https:\/\/medicinaancestralsagrada.com\/wp-content\/uploads\/2024\/04\/TINTURA-MADRE-ALQUIMICA-100x100.webp 100w, https:\/\/medicinaancestralsagrada.com\/wp-content\/uploads\/2024\/04\/TINTURA-MADRE-ALQUIMICA.webp 702w\" sizes=\"(max-width: 300px) 100vw, 300px\" \/><\/a>\t<div class=\"jet-woo-product-img-overlay\"><\/div>\n\t<\/div>\n<div class=\"jet-woo-product-categories\"><ul><li><a href=\"https:\/\/medicinaancestralsagrada.com\/index.php\/categoria-producto\/pocimas\/\" rel=\"tag\">P\u00f3cimas alqu\u00edmicas<\/a><\/li><\/ul><\/div><h5 class=\"jet-woo-product-title\" ><a href=\"https:\/\/medicinaancestralsagrada.com\/index.php\/producto\/tinturas-y-extractos\/\" >Tinturas y extractos<\/a><\/h5>\n<div class=\"jet-woo-product-price\"><span class=\"woocommerce-Price-amount amount\"><bdi><span class=\"woocommerce-Price-currencySymbol\">&#36;<\/span>&nbsp;7.000,00<\/bdi><\/span> &ndash; <span class=\"woocommerce-Price-amount amount\"><bdi><span class=\"woocommerce-Price-currencySymbol\">&#36;<\/span>&nbsp;15.000,00<\/bdi><\/span><\/div>\n<div class=\"jet-woo-product-excerpt\"><\/div>\n<div class=\"jet-woo-product-button\"><a href=\"https:\/\/medicinaancestralsagrada.com\/index.php\/producto\/tinturas-y-extractos\/\" data-quantity=\"1\" class=\"button product_type_variable add_to_cart_button\" data-product_id=\"991\" data-product_sku=\"V0092\" aria-label=\"Select options for &ldquo;Tinturas y extractos&rdquo;\" rel=\"nofollow\">Select options<\/a><\/div>\n<div class=\"jet-woo-products-cqw-wrapper\">\n\t<\/div>\t<\/div>\n\t<\/div><\/div>\n<\/div>\t\t<\/div>\n\t\t\t\t<\/div>\n\t\t\t\t\t<\/div>\n\t\t<\/div>\n\t\t\t\t\t<\/div>\n\t\t<\/section>\n\t\t\t\t<\/div>\n\t\t","protected":false},"excerpt":{"rendered":"<p>P\u00f3cimas alqu\u00edmicas Nuestras P\u00f3cimas Alqu\u00edmicas son el arte de transformar lo cotidiano en ritual. Elaboradas con esencias naturales, hierbas y saber ancestral, invitan a conectar con tu magia interior. Usalas para armonizar espacios, intenciones y emociones. Energ\u00eda sutil en cada gota, creada con prop\u00f3sito y alma. P\u00f3cimas alqu\u00edmicas Ca\u00f1a con ruda Read more P\u00f3cimas alqu\u00edmicas &hellip;<\/p>\n<p class=\"read-more\"> <a class=\"\" href=\"https:\/\/medicinaancestralsagrada.com\/index.php\/producto\/tinturas-y-extractos\/\"> <span class=\"screen-reader-text\">Tinturas y extractos<\/span> Leer m\u00e1s &raquo;<\/a><\/p>\n","protected":false},"author":1,"featured_media":0,"parent":0,"menu_order":0,"comment_status":"closed","ping_status":"closed","template":"","meta":{"_joinchat":[],"footnotes":""},"class_list":["post-1164","page","type-page","status-publish","hentry"],"_links":{"self":[{"href":"https:\/\/medicinaancestralsagrada.com\/index.php\/wp-json\/wp\/v2\/pages\/1164","targetHints":{"allow":["GET"]}}],"collection":[{"href":"https:\/\/medicinaancestralsagrada.com\/index.php\/wp-json\/wp\/v2\/pages"}],"about":[{"href":"https:\/\/medicinaancestralsagrada.com\/index.php\/wp-json\/wp\/v2\/types\/page"}],"author":[{"embeddable":true,"href":"https:\/\/medicinaancestralsagrada.com\/index.php\/wp-json\/wp\/v2\/users\/1"}],"replies":[{"embeddable":true,"href":"https:\/\/medicinaancestralsagrada.com\/index.php\/wp-json\/wp\/v2\/comments?post=1164"}],"version-history":[{"count":10,"href":"https:\/\/medicinaancestralsagrada.com\/index.php\/wp-json\/wp\/v2\/pages\/1164\/revisions"}],"predecessor-version":[{"id":2227,"href":"https:\/\/medicinaancestralsagrada.com\/index.php\/wp-json\/wp\/v2\/pages\/1164\/revisions\/2227"}],"wp:attachment":[{"href":"https:\/\/medicinaancestralsagrada.com\/index.php\/wp-json\/wp\/v2\/media?parent=1164"}],"curies":[{"name":"wp","href":"https:\/\/api.w.org\/{rel}","templated":true}]}}