{"id":1170,"date":"2024-03-31T16:10:15","date_gmt":"2024-03-31T19:10:15","guid":{"rendered":"https:\/\/medicinaancestralsagrada.com\/?page_id=1170"},"modified":"2025-11-13T21:22:34","modified_gmt":"2025-11-14T00:22:34","slug":"talleres-y-retiros","status":"publish","type":"page","link":"https:\/\/medicinaancestralsagrada.com\/index.php\/talleres-y-retiros\/","title":{"rendered":"Talleres y retiros"},"content":{"rendered":"\t\t<div data-elementor-type=\"wp-page\" data-elementor-id=\"1170\" class=\"elementor elementor-1170\" data-elementor-post-type=\"page\">\n\t\t\t\t\t\t<section class=\"elementor-section elementor-top-section elementor-element elementor-element-308f30e6 elementor-section-full_width elementor-section-height-default elementor-section-height-default\" data-id=\"308f30e6\" data-element_type=\"section\" data-settings=\"{&quot;background_background&quot;:&quot;gradient&quot;}\">\n\t\t\t\t\t\t\t<div class=\"elementor-background-overlay\"><\/div>\n\t\t\t\t\t\t\t<div class=\"elementor-container elementor-column-gap-default\">\n\t\t\t\t\t<div class=\"elementor-column elementor-col-100 elementor-top-column elementor-element elementor-element-4452f38e\" data-id=\"4452f38e\" data-element_type=\"column\" data-settings=\"{&quot;background_background&quot;:&quot;classic&quot;}\">\n\t\t\t<div class=\"elementor-widget-wrap elementor-element-populated\">\n\t\t\t\t\t\t<section class=\"elementor-section elementor-inner-section elementor-element elementor-element-325b53c2 elementor-section-boxed elementor-section-height-default elementor-section-height-default\" data-id=\"325b53c2\" data-element_type=\"section\">\n\t\t\t\t\t\t<div class=\"elementor-container elementor-column-gap-default\">\n\t\t\t\t\t<div class=\"elementor-column elementor-col-100 elementor-inner-column elementor-element elementor-element-6fba3111\" data-id=\"6fba3111\" data-element_type=\"column\">\n\t\t\t<div class=\"elementor-widget-wrap elementor-element-populated\">\n\t\t\t\t\t\t<div class=\"elementor-element elementor-element-abfa8c6 elementor-invisible elementor-widget elementor-widget-theme-site-logo elementor-widget-image\" data-id=\"abfa8c6\" data-element_type=\"widget\" data-settings=\"{&quot;_animation&quot;:&quot;zoomIn&quot;}\" data-widget_type=\"theme-site-logo.default\">\n\t\t\t\t<div class=\"elementor-widget-container\">\n\t\t\t\t\t\t\t\t<div class=\"elementor-image\">\n\t\t\t\t\t\t\t\t<a href=\"https:\/\/medicinaancestralsagrada.com\">\n\t\t\t<img fetchpriority=\"high\" decoding=\"async\" width=\"822\" height=\"246\" src=\"https:\/\/medicinaancestralsagrada.com\/wp-content\/uploads\/2024\/02\/LOGOsite6-330x99.png\" class=\"attachment-full size-full wp-image-373\" alt=\"\" srcset=\"https:\/\/medicinaancestralsagrada.com\/wp-content\/uploads\/2024\/02\/LOGOsite6.png 822w, https:\/\/medicinaancestralsagrada.com\/wp-content\/uploads\/2024\/02\/LOGOsite6-300x90.png 300w, https:\/\/medicinaancestralsagrada.com\/wp-content\/uploads\/2024\/02\/LOGOsite6-768x230.png 768w, https:\/\/medicinaancestralsagrada.com\/wp-content\/uploads\/2024\/02\/LOGOsite6-600x180.png 600w, https:\/\/medicinaancestralsagrada.com\/wp-content\/uploads\/2024\/02\/LOGOsite6-330x99.png 330w\" sizes=\"(max-width: 822px) 100vw, 822px\" \/>\t\t\t\t<\/a>\n\t\t\t\t\t\t\t\t\t\t<\/div>\n\t\t\t\t\t\t<\/div>\n\t\t\t\t<\/div>\n\t\t\t\t<div class=\"elementor-element elementor-element-6d618b54 elementor-invisible elementor-widget elementor-widget-heading\" data-id=\"6d618b54\" data-element_type=\"widget\" data-settings=\"{&quot;_animation&quot;:&quot;slideInLeft&quot;}\" data-widget_type=\"heading.default\">\n\t\t\t\t<div class=\"elementor-widget-container\">\n\t\t\t<h2 class=\"elementor-heading-title elementor-size-default\">Talleres y retiros<\/h2>\t\t<\/div>\n\t\t\t\t<\/div>\n\t\t\t\t<div class=\"elementor-element elementor-element-4300cfe7 elementor-invisible elementor-widget elementor-widget-text-editor\" data-id=\"4300cfe7\" data-element_type=\"widget\" data-settings=\"{&quot;_animation&quot;:&quot;slideInRight&quot;}\" data-widget_type=\"text-editor.default\">\n\t\t\t\t<div class=\"elementor-widget-container\">\n\t\t\t\t\t\t\t<p>Explor\u00e1 nuestros talleres y retiros: espacios de conexi\u00f3n, aprendizaje y transformaci\u00f3n. Ya sea en un entorno natural o en la ciudad, cada encuentro es una invitaci\u00f3n a reconectar con tu esencia, compartir en comunidad y cultivar el bienestar integral del cuerpo, la mente y el alma.<\/p>\t\t\t\t\t\t<\/div>\n\t\t\t\t<\/div>\n\t\t\t\t\t<\/div>\n\t\t<\/div>\n\t\t\t\t\t<\/div>\n\t\t<\/section>\n\t\t\t\t<div class=\"elementor-element elementor-element-761ffe1 elementor-invisible elementor-widget elementor-widget-jet-woo-products\" data-id=\"761ffe1\" data-element_type=\"widget\" data-settings=\"{&quot;_animation&quot;:&quot;slideInUp&quot;}\" data-widget_type=\"jet-woo-products.default\">\n\t\t\t\t<div class=\"elementor-widget-container\">\n\t\t\t<div class=\"elementor-jet-woo-products jet-woo-builder\">\n<div class=\"jet-woo-products jet-woo-products--preset-1  col-row\" data-mobile-hover=\"\" >\n<div class=\"jet-woo-products__item jet-woo-builder-product col-desk-4 col-tab-2 col-mob-1\" data-product-id=\"1336\">\n\t<div class=\"jet-woo-products__inner-box \"   >\n\t\t<div class=\"jet-woo-product-thumbnail\">\n\t\t<a href=\"https:\/\/medicinaancestralsagrada.com\/index.php\/producto\/el-camino-de-la-mujer-y-el-hombre-medicina\/\" ><img decoding=\"async\" width=\"300\" height=\"300\" src=\"https:\/\/medicinaancestralsagrada.com\/wp-content\/uploads\/2024\/03\/CAMINOMEDICINA68756657-300x300.webp\" class=\"attachment-woocommerce_thumbnail size-woocommerce_thumbnail\" alt=\"\" srcset=\"https:\/\/medicinaancestralsagrada.com\/wp-content\/uploads\/2024\/03\/CAMINOMEDICINA68756657-300x300.webp 300w, https:\/\/medicinaancestralsagrada.com\/wp-content\/uploads\/2024\/03\/CAMINOMEDICINA68756657-150x150.webp 150w, https:\/\/medicinaancestralsagrada.com\/wp-content\/uploads\/2024\/03\/CAMINOMEDICINA68756657-600x598.webp 600w, https:\/\/medicinaancestralsagrada.com\/wp-content\/uploads\/2024\/03\/CAMINOMEDICINA68756657-100x100.webp 100w, https:\/\/medicinaancestralsagrada.com\/wp-content\/uploads\/2024\/03\/CAMINOMEDICINA68756657.webp 702w\" sizes=\"(max-width: 300px) 100vw, 300px\" \/><\/a>\t<div class=\"jet-woo-product-img-overlay\"><\/div>\n\t<\/div>\n<div class=\"jet-woo-product-categories\"><ul><li><a href=\"https:\/\/medicinaancestralsagrada.com\/index.php\/categoria-producto\/talleres\/\" rel=\"tag\">Talleres y retiros<\/a><\/li><\/ul><\/div><h5 class=\"jet-woo-product-title\" ><a href=\"https:\/\/medicinaancestralsagrada.com\/index.php\/producto\/el-camino-de-la-mujer-y-el-hombre-medicina\/\" >El camino de la mujer y el hombre medicina<\/a><\/h5>\n<div class=\"jet-woo-product-excerpt\"><\/div>\n<div class=\"jet-woo-product-button\"><a href=\"https:\/\/medicinaancestralsagrada.com\/index.php\/producto\/el-camino-de-la-mujer-y-el-hombre-medicina\/\" data-quantity=\"1\" class=\"button product_type_simple\" data-product_id=\"1336\" data-product_sku=\"V00101\" aria-label=\"Read more about &ldquo;El camino de la mujer y el hombre medicina&rdquo;\" rel=\"nofollow\">Read more<\/a><\/div>\n<div class=\"jet-woo-products-cqw-wrapper\">\n\t<\/div>\t<\/div>\n\t<\/div>\n<div class=\"jet-woo-products__item jet-woo-builder-product col-desk-4 col-tab-2 col-mob-1\" data-product-id=\"976\">\n\t<div class=\"jet-woo-products__inner-box \"   >\n\t\t<div class=\"jet-woo-product-thumbnail\">\n\t\t<a href=\"https:\/\/medicinaancestralsagrada.com\/index.php\/producto\/retiro-andinoamazonico\/\" ><img decoding=\"async\" width=\"300\" height=\"300\" src=\"https:\/\/medicinaancestralsagrada.com\/wp-content\/uploads\/2024\/03\/RETIROANDINOAMAZONICO56657-300x300.webp\" class=\"attachment-woocommerce_thumbnail size-woocommerce_thumbnail\" alt=\"\" srcset=\"https:\/\/medicinaancestralsagrada.com\/wp-content\/uploads\/2024\/03\/RETIROANDINOAMAZONICO56657-300x300.webp 300w, https:\/\/medicinaancestralsagrada.com\/wp-content\/uploads\/2024\/03\/RETIROANDINOAMAZONICO56657-150x150.webp 150w, https:\/\/medicinaancestralsagrada.com\/wp-content\/uploads\/2024\/03\/RETIROANDINOAMAZONICO56657-600x598.webp 600w, https:\/\/medicinaancestralsagrada.com\/wp-content\/uploads\/2024\/03\/RETIROANDINOAMAZONICO56657-100x100.webp 100w, https:\/\/medicinaancestralsagrada.com\/wp-content\/uploads\/2024\/03\/RETIROANDINOAMAZONICO56657.webp 702w\" sizes=\"(max-width: 300px) 100vw, 300px\" \/><\/a>\t<div class=\"jet-woo-product-img-overlay\"><\/div>\n\t<\/div>\n<div class=\"jet-woo-product-categories\"><ul><li><a href=\"https:\/\/medicinaancestralsagrada.com\/index.php\/categoria-producto\/talleres\/\" rel=\"tag\">Talleres y retiros<\/a><\/li><\/ul><\/div><h5 class=\"jet-woo-product-title\" ><a href=\"https:\/\/medicinaancestralsagrada.com\/index.php\/producto\/retiro-andinoamazonico\/\" >Retiro Andinoamaz\u00f3nico<\/a><\/h5>\n<div class=\"jet-woo-product-excerpt\"><\/div>\n<div class=\"jet-woo-product-button\"><a href=\"https:\/\/medicinaancestralsagrada.com\/index.php\/producto\/retiro-andinoamazonico\/\" data-quantity=\"1\" class=\"button product_type_simple\" data-product_id=\"976\" data-product_sku=\"V0077\" aria-label=\"Read more about &ldquo;Retiro Andinoamaz\u00f3nico&rdquo;\" rel=\"nofollow\">Read more<\/a><\/div>\n<div class=\"jet-woo-products-cqw-wrapper\">\n\t<\/div>\t<\/div>\n\t<\/div>\n<div class=\"jet-woo-products__item jet-woo-builder-product col-desk-4 col-tab-2 col-mob-1\" data-product-id=\"975\">\n\t<div class=\"jet-woo-products__inner-box \"   >\n\t\t<div class=\"jet-woo-product-thumbnail\">\n\t\t<a href=\"https:\/\/medicinaancestralsagrada.com\/index.php\/producto\/taller-microcosmos\/\" ><img loading=\"lazy\" decoding=\"async\" width=\"300\" height=\"300\" src=\"https:\/\/medicinaancestralsagrada.com\/wp-content\/uploads\/2024\/03\/MICRODOSIS-300x300.webp\" class=\"attachment-woocommerce_thumbnail size-woocommerce_thumbnail\" alt=\"\" srcset=\"https:\/\/medicinaancestralsagrada.com\/wp-content\/uploads\/2024\/03\/MICRODOSIS-300x300.webp 300w, https:\/\/medicinaancestralsagrada.com\/wp-content\/uploads\/2024\/03\/MICRODOSIS-150x150.webp 150w, https:\/\/medicinaancestralsagrada.com\/wp-content\/uploads\/2024\/03\/MICRODOSIS-600x598.webp 600w, https:\/\/medicinaancestralsagrada.com\/wp-content\/uploads\/2024\/03\/MICRODOSIS-100x100.webp 100w, https:\/\/medicinaancestralsagrada.com\/wp-content\/uploads\/2024\/03\/MICRODOSIS.webp 702w\" sizes=\"(max-width: 300px) 100vw, 300px\" \/><\/a>\t<div class=\"jet-woo-product-img-overlay\"><\/div>\n\t<\/div>\n<div class=\"jet-woo-product-categories\"><ul><li><a href=\"https:\/\/medicinaancestralsagrada.com\/index.php\/categoria-producto\/talleres\/\" rel=\"tag\">Talleres y retiros<\/a><\/li><\/ul><\/div><h5 class=\"jet-woo-product-title\" ><a href=\"https:\/\/medicinaancestralsagrada.com\/index.php\/producto\/taller-microcosmos\/\" >Taller microcosmos<\/a><\/h5>\n<div class=\"jet-woo-product-excerpt\"><\/div>\n<div class=\"jet-woo-product-button\"><a href=\"https:\/\/medicinaancestralsagrada.com\/index.php\/producto\/taller-microcosmos\/\" data-quantity=\"1\" class=\"button product_type_simple\" data-product_id=\"975\" data-product_sku=\"V0076\" aria-label=\"Read more about &ldquo;Taller microcosmos&rdquo;\" rel=\"nofollow\">Read more<\/a><\/div>\n<div class=\"jet-woo-products-cqw-wrapper\">\n\t<\/div>\t<\/div>\n\t<\/div>\n<div class=\"jet-woo-products__item jet-woo-builder-product col-desk-4 col-tab-2 col-mob-1\" data-product-id=\"974\">\n\t<div class=\"jet-woo-products__inner-box \"   >\n\t\t<div class=\"jet-woo-product-thumbnail\">\n\t\t<a href=\"https:\/\/medicinaancestralsagrada.com\/index.php\/producto\/taller-rueda-medicinal-con-hierbas-nativas\/\" ><img loading=\"lazy\" decoding=\"async\" width=\"300\" height=\"300\" src=\"https:\/\/medicinaancestralsagrada.com\/wp-content\/uploads\/2024\/03\/RUEDAMEDICINAL756657-300x300.webp\" class=\"attachment-woocommerce_thumbnail size-woocommerce_thumbnail\" alt=\"\" srcset=\"https:\/\/medicinaancestralsagrada.com\/wp-content\/uploads\/2024\/03\/RUEDAMEDICINAL756657-300x300.webp 300w, https:\/\/medicinaancestralsagrada.com\/wp-content\/uploads\/2024\/03\/RUEDAMEDICINAL756657-150x150.webp 150w, https:\/\/medicinaancestralsagrada.com\/wp-content\/uploads\/2024\/03\/RUEDAMEDICINAL756657-600x598.webp 600w, https:\/\/medicinaancestralsagrada.com\/wp-content\/uploads\/2024\/03\/RUEDAMEDICINAL756657-100x100.webp 100w, https:\/\/medicinaancestralsagrada.com\/wp-content\/uploads\/2024\/03\/RUEDAMEDICINAL756657.webp 702w\" sizes=\"(max-width: 300px) 100vw, 300px\" \/><\/a>\t<div class=\"jet-woo-product-img-overlay\"><\/div>\n\t<\/div>\n<div class=\"jet-woo-product-categories\"><ul><li><a href=\"https:\/\/medicinaancestralsagrada.com\/index.php\/categoria-producto\/talleres\/\" rel=\"tag\">Talleres y retiros<\/a><\/li><\/ul><\/div><h5 class=\"jet-woo-product-title\" ><a href=\"https:\/\/medicinaancestralsagrada.com\/index.php\/producto\/taller-rueda-medicinal-con-hierbas-nativas\/\" >Taller rueda medicinal con hierbas nativas<\/a><\/h5>\n<div class=\"jet-woo-product-excerpt\"><\/div>\n<div class=\"jet-woo-product-button\"><a href=\"https:\/\/medicinaancestralsagrada.com\/index.php\/producto\/taller-rueda-medicinal-con-hierbas-nativas\/\" data-quantity=\"1\" class=\"button product_type_simple\" data-product_id=\"974\" data-product_sku=\"V0075\" aria-label=\"Read more about &ldquo;Taller rueda medicinal con hierbas nativas&rdquo;\" rel=\"nofollow\">Read more<\/a><\/div>\n<div class=\"jet-woo-products-cqw-wrapper\">\n\t<\/div>\t<\/div>\n\t<\/div><\/div>\n<\/div>\t\t<\/div>\n\t\t\t\t<\/div>\n\t\t\t\t\t<\/div>\n\t\t<\/div>\n\t\t\t\t\t<\/div>\n\t\t<\/section>\n\t\t\t\t<\/div>\n\t\t","protected":false},"excerpt":{"rendered":"<p>Talleres y retiros Explor\u00e1 nuestros talleres y retiros: espacios de conexi\u00f3n, aprendizaje y transformaci\u00f3n. Ya sea en un entorno natural o en la ciudad, cada encuentro es una invitaci\u00f3n a reconectar con tu esencia, compartir en comunidad y cultivar el bienestar integral del cuerpo, la mente y el alma. Talleres y retiros El camino de &hellip;<\/p>\n<p class=\"read-more\"> <a class=\"\" href=\"https:\/\/medicinaancestralsagrada.com\/index.php\/producto\/taller-rueda-medicinal-con-hierbas-nativas\/\"> <span class=\"screen-reader-text\">Taller rueda medicinal con hierbas nativas<\/span> Leer m\u00e1s &raquo;<\/a><\/p>\n","protected":false},"author":1,"featured_media":0,"parent":0,"menu_order":0,"comment_status":"closed","ping_status":"closed","template":"","meta":{"_joinchat":[],"footnotes":""},"class_list":["post-1170","page","type-page","status-publish","hentry"],"_links":{"self":[{"href":"https:\/\/medicinaancestralsagrada.com\/index.php\/wp-json\/wp\/v2\/pages\/1170","targetHints":{"allow":["GET"]}}],"collection":[{"href":"https:\/\/medicinaancestralsagrada.com\/index.php\/wp-json\/wp\/v2\/pages"}],"about":[{"href":"https:\/\/medicinaancestralsagrada.com\/index.php\/wp-json\/wp\/v2\/types\/page"}],"author":[{"embeddable":true,"href":"https:\/\/medicinaancestralsagrada.com\/index.php\/wp-json\/wp\/v2\/users\/1"}],"replies":[{"embeddable":true,"href":"https:\/\/medicinaancestralsagrada.com\/index.php\/wp-json\/wp\/v2\/comments?post=1170"}],"version-history":[{"count":7,"href":"https:\/\/medicinaancestralsagrada.com\/index.php\/wp-json\/wp\/v2\/pages\/1170\/revisions"}],"predecessor-version":[{"id":2215,"href":"https:\/\/medicinaancestralsagrada.com\/index.php\/wp-json\/wp\/v2\/pages\/1170\/revisions\/2215"}],"wp:attachment":[{"href":"https:\/\/medicinaancestralsagrada.com\/index.php\/wp-json\/wp\/v2\/media?parent=1170"}],"curies":[{"name":"wp","href":"https:\/\/api.w.org\/{rel}","templated":true}]}}