{"id":1702,"date":"2024-04-28T23:28:54","date_gmt":"2024-04-29T02:28:54","guid":{"rendered":"https:\/\/medicinaancestralsagrada.com\/?page_id=1702"},"modified":"2025-11-13T21:25:56","modified_gmt":"2025-11-14T00:25:56","slug":"flores-y-semillas1","status":"publish","type":"page","link":"https:\/\/medicinaancestralsagrada.com\/index.php\/flores-y-semillas1\/","title":{"rendered":"Flores y Semillas"},"content":{"rendered":"\t\t<div data-elementor-type=\"wp-page\" data-elementor-id=\"1702\" class=\"elementor elementor-1702\" data-elementor-post-type=\"page\">\n\t\t\t\t\t\t<section class=\"elementor-section elementor-top-section elementor-element elementor-element-308f30e6 elementor-section-full_width elementor-section-height-default elementor-section-height-default\" data-id=\"308f30e6\" data-element_type=\"section\" data-settings=\"{&quot;background_background&quot;:&quot;gradient&quot;}\">\n\t\t\t\t\t\t\t<div class=\"elementor-background-overlay\"><\/div>\n\t\t\t\t\t\t\t<div class=\"elementor-container elementor-column-gap-default\">\n\t\t\t\t\t<div class=\"elementor-column elementor-col-100 elementor-top-column elementor-element elementor-element-4452f38e\" data-id=\"4452f38e\" data-element_type=\"column\" data-settings=\"{&quot;background_background&quot;:&quot;classic&quot;}\">\n\t\t\t<div class=\"elementor-widget-wrap elementor-element-populated\">\n\t\t\t\t\t\t<section class=\"elementor-section elementor-inner-section elementor-element elementor-element-325b53c2 elementor-section-boxed elementor-section-height-default elementor-section-height-default\" data-id=\"325b53c2\" data-element_type=\"section\">\n\t\t\t\t\t\t<div class=\"elementor-container elementor-column-gap-default\">\n\t\t\t\t\t<div class=\"elementor-column elementor-col-100 elementor-inner-column elementor-element elementor-element-6fba3111\" data-id=\"6fba3111\" data-element_type=\"column\">\n\t\t\t<div class=\"elementor-widget-wrap elementor-element-populated\">\n\t\t\t\t\t\t<div class=\"elementor-element elementor-element-abfa8c6 elementor-invisible elementor-widget elementor-widget-theme-site-logo elementor-widget-image\" data-id=\"abfa8c6\" data-element_type=\"widget\" data-settings=\"{&quot;_animation&quot;:&quot;zoomIn&quot;}\" data-widget_type=\"theme-site-logo.default\">\n\t\t\t\t<div class=\"elementor-widget-container\">\n\t\t\t\t\t\t\t\t<div class=\"elementor-image\">\n\t\t\t\t\t\t\t\t<a href=\"https:\/\/medicinaancestralsagrada.com\">\n\t\t\t<img fetchpriority=\"high\" decoding=\"async\" width=\"822\" height=\"246\" src=\"https:\/\/medicinaancestralsagrada.com\/wp-content\/uploads\/2024\/02\/LOGOsite6-330x99.png\" class=\"attachment-full size-full wp-image-373\" alt=\"\" srcset=\"https:\/\/medicinaancestralsagrada.com\/wp-content\/uploads\/2024\/02\/LOGOsite6.png 822w, https:\/\/medicinaancestralsagrada.com\/wp-content\/uploads\/2024\/02\/LOGOsite6-300x90.png 300w, https:\/\/medicinaancestralsagrada.com\/wp-content\/uploads\/2024\/02\/LOGOsite6-768x230.png 768w, https:\/\/medicinaancestralsagrada.com\/wp-content\/uploads\/2024\/02\/LOGOsite6-600x180.png 600w, https:\/\/medicinaancestralsagrada.com\/wp-content\/uploads\/2024\/02\/LOGOsite6-330x99.png 330w\" sizes=\"(max-width: 822px) 100vw, 822px\" \/>\t\t\t\t<\/a>\n\t\t\t\t\t\t\t\t\t\t<\/div>\n\t\t\t\t\t\t<\/div>\n\t\t\t\t<\/div>\n\t\t\t\t<div class=\"elementor-element elementor-element-6d618b54 elementor-invisible elementor-widget elementor-widget-heading\" data-id=\"6d618b54\" data-element_type=\"widget\" data-settings=\"{&quot;_animation&quot;:&quot;slideInLeft&quot;}\" data-widget_type=\"heading.default\">\n\t\t\t\t<div class=\"elementor-widget-container\">\n\t\t\t<h2 class=\"elementor-heading-title elementor-size-default\">Flores y Semillas<\/h2>\t\t<\/div>\n\t\t\t\t<\/div>\n\t\t\t\t<div class=\"elementor-element elementor-element-4300cfe7 elementor-invisible elementor-widget elementor-widget-text-editor\" data-id=\"4300cfe7\" data-element_type=\"widget\" data-settings=\"{&quot;_animation&quot;:&quot;slideInRight&quot;}\" data-widget_type=\"text-editor.default\">\n\t\t\t\t<div class=\"elementor-widget-container\">\n\t\t\t\t\t\t\t<p>Dale vida a tu jard\u00edn con nuestra selecci\u00f3n de flores y semillas. Encontr\u00e1 variedades \u00fanicas para cada estaci\u00f3n, ideales para decorar, regalar o cultivar tu propio rinc\u00f3n natural. Sembr\u00e1 color, aroma y alegr\u00eda con productos pensados para amantes de la tierra y la belleza viva.<\/p>\t\t\t\t\t\t<\/div>\n\t\t\t\t<\/div>\n\t\t\t\t\t<\/div>\n\t\t<\/div>\n\t\t\t\t\t<\/div>\n\t\t<\/section>\n\t\t\t\t<div class=\"elementor-element elementor-element-761ffe1 elementor-invisible elementor-widget elementor-widget-jet-woo-products\" data-id=\"761ffe1\" data-element_type=\"widget\" data-settings=\"{&quot;_animation&quot;:&quot;slideInUp&quot;}\" data-widget_type=\"jet-woo-products.default\">\n\t\t\t\t<div class=\"elementor-widget-container\">\n\t\t\t<div class=\"elementor-jet-woo-products jet-woo-builder\">\n<div class=\"jet-woo-products jet-woo-products--preset-1  col-row\" data-mobile-hover=\"\" >\n<div class=\"jet-woo-products__item jet-woo-builder-product col-desk-4 col-tab-2 col-mob-1\" data-product-id=\"913\">\n\t<div class=\"jet-woo-products__inner-box \"   >\n\t\t<div class=\"jet-woo-product-thumbnail\">\n\t\t<a href=\"https:\/\/medicinaancestralsagrada.com\/index.php\/producto\/semillas-plantas-medicinales-2\/\" ><img decoding=\"async\" width=\"283\" height=\"283\" src=\"https:\/\/medicinaancestralsagrada.com\/wp-content\/uploads\/2024\/03\/producto-imagen-no-disponible.jpg\" class=\"attachment-woocommerce_thumbnail size-woocommerce_thumbnail\" alt=\"\" srcset=\"https:\/\/medicinaancestralsagrada.com\/wp-content\/uploads\/2024\/03\/producto-imagen-no-disponible.jpg 283w, https:\/\/medicinaancestralsagrada.com\/wp-content\/uploads\/2024\/03\/producto-imagen-no-disponible-100x100.jpg 100w\" sizes=\"(max-width: 283px) 100vw, 283px\" \/><\/a>\t<div class=\"jet-woo-product-img-overlay\"><\/div>\n\t<\/div>\n<div class=\"jet-woo-product-categories\"><ul><li><a href=\"https:\/\/medicinaancestralsagrada.com\/index.php\/categoria-producto\/flores\/\" rel=\"tag\">Flores y semillas<\/a><\/li><\/ul><\/div><h5 class=\"jet-woo-product-title\" ><a href=\"https:\/\/medicinaancestralsagrada.com\/index.php\/producto\/semillas-plantas-medicinales-2\/\" >Semillas plantas medicinales<\/a><\/h5>\n<div class=\"jet-woo-product-price\"><span class=\"woocommerce-Price-amount amount\"><bdi><span class=\"woocommerce-Price-currencySymbol\">&#36;<\/span>&nbsp;2.000,00<\/bdi><\/span><\/div>\n<div class=\"jet-woo-product-excerpt\"><\/div>\n<div class=\"jet-woo-product-button\"><a href=\"?add-to-cart=913\" data-quantity=\"1\" class=\"button product_type_simple add_to_cart_button ajax_add_to_cart\" data-product_id=\"913\" data-product_sku=\"V0014\" aria-label=\"Add to cart: &ldquo;Semillas plantas medicinales&rdquo;\" rel=\"nofollow\">Add to cart<\/a><\/div>\n<div class=\"jet-woo-products-cqw-wrapper\">\n\t<\/div>\t<\/div>\n\t<\/div>\n<div class=\"jet-woo-products__item jet-woo-builder-product col-desk-4 col-tab-2 col-mob-1\" data-product-id=\"912\">\n\t<div class=\"jet-woo-products__inner-box \"   >\n\t\t<div class=\"jet-woo-product-thumbnail\">\n\t\t<a href=\"https:\/\/medicinaancestralsagrada.com\/index.php\/producto\/flores-secas\/\" ><img decoding=\"async\" width=\"300\" height=\"300\" src=\"https:\/\/medicinaancestralsagrada.com\/wp-content\/uploads\/2024\/03\/FLORES-SECAS-300x300.webp\" class=\"attachment-woocommerce_thumbnail size-woocommerce_thumbnail\" alt=\"\" srcset=\"https:\/\/medicinaancestralsagrada.com\/wp-content\/uploads\/2024\/03\/FLORES-SECAS-300x300.webp 300w, https:\/\/medicinaancestralsagrada.com\/wp-content\/uploads\/2024\/03\/FLORES-SECAS-150x150.webp 150w, https:\/\/medicinaancestralsagrada.com\/wp-content\/uploads\/2024\/03\/FLORES-SECAS-600x598.webp 600w, https:\/\/medicinaancestralsagrada.com\/wp-content\/uploads\/2024\/03\/FLORES-SECAS-100x100.webp 100w, https:\/\/medicinaancestralsagrada.com\/wp-content\/uploads\/2024\/03\/FLORES-SECAS.webp 702w\" sizes=\"(max-width: 300px) 100vw, 300px\" \/><\/a>\t<div class=\"jet-woo-product-img-overlay\"><\/div>\n\t<\/div>\n<div class=\"jet-woo-product-categories\"><ul><li><a href=\"https:\/\/medicinaancestralsagrada.com\/index.php\/categoria-producto\/flores\/\" rel=\"tag\">Flores y semillas<\/a><\/li><\/ul><\/div><h5 class=\"jet-woo-product-title\" ><a href=\"https:\/\/medicinaancestralsagrada.com\/index.php\/producto\/flores-secas\/\" >Flores secas<\/a><\/h5>\n<div class=\"jet-woo-product-price\"><span class=\"woocommerce-Price-amount amount\"><bdi><span class=\"woocommerce-Price-currencySymbol\">&#36;<\/span>&nbsp;100,00<\/bdi><\/span><\/div>\n<div class=\"jet-woo-product-excerpt\"><\/div>\n<div class=\"jet-woo-product-button\"><a href=\"https:\/\/medicinaancestralsagrada.com\/index.php\/producto\/flores-secas\/\" data-quantity=\"1\" class=\"button product_type_simple\" data-product_id=\"912\" data-product_sku=\"V0013\" aria-label=\"Read more about &ldquo;Flores secas&rdquo;\" rel=\"nofollow\">Read more<\/a><\/div>\n<div class=\"jet-woo-products-cqw-wrapper\">\n\t<\/div>\t<\/div>\n\t<\/div>\n<div class=\"jet-woo-products__item jet-woo-builder-product col-desk-4 col-tab-2 col-mob-1\" data-product-id=\"911\">\n\t<div class=\"jet-woo-products__inner-box \"   >\n\t\t<div class=\"jet-woo-product-thumbnail\">\n\t\t<a href=\"https:\/\/medicinaancestralsagrada.com\/index.php\/producto\/esponjas-vegetales\/\" ><img loading=\"lazy\" decoding=\"async\" width=\"300\" height=\"300\" src=\"https:\/\/medicinaancestralsagrada.com\/wp-content\/uploads\/2024\/03\/ESPONJA-VEGETAL2-300x300.webp\" class=\"attachment-woocommerce_thumbnail size-woocommerce_thumbnail\" alt=\"\" srcset=\"https:\/\/medicinaancestralsagrada.com\/wp-content\/uploads\/2024\/03\/ESPONJA-VEGETAL2-300x300.webp 300w, https:\/\/medicinaancestralsagrada.com\/wp-content\/uploads\/2024\/03\/ESPONJA-VEGETAL2-150x150.webp 150w, https:\/\/medicinaancestralsagrada.com\/wp-content\/uploads\/2024\/03\/ESPONJA-VEGETAL2-600x598.webp 600w, https:\/\/medicinaancestralsagrada.com\/wp-content\/uploads\/2024\/03\/ESPONJA-VEGETAL2-100x100.webp 100w, https:\/\/medicinaancestralsagrada.com\/wp-content\/uploads\/2024\/03\/ESPONJA-VEGETAL2.webp 702w\" sizes=\"(max-width: 300px) 100vw, 300px\" \/><\/a>\t<div class=\"jet-woo-product-img-overlay\"><\/div>\n\t<\/div>\n<div class=\"jet-woo-product-categories\"><ul><li><a href=\"https:\/\/medicinaancestralsagrada.com\/index.php\/categoria-producto\/flores\/\" rel=\"tag\">Flores y semillas<\/a><\/li><\/ul><\/div><h5 class=\"jet-woo-product-title\" ><a href=\"https:\/\/medicinaancestralsagrada.com\/index.php\/producto\/esponjas-vegetales\/\" >Esponjas vegetales<\/a><\/h5>\n<div class=\"jet-woo-product-price\"><span class=\"woocommerce-Price-amount amount\"><bdi><span class=\"woocommerce-Price-currencySymbol\">&#36;<\/span>&nbsp;2.000,00<\/bdi><\/span> &ndash; <span class=\"woocommerce-Price-amount amount\"><bdi><span class=\"woocommerce-Price-currencySymbol\">&#36;<\/span>&nbsp;4.500,00<\/bdi><\/span><\/div>\n<div class=\"jet-woo-product-excerpt\"><\/div>\n<div class=\"jet-woo-product-button\"><a href=\"https:\/\/medicinaancestralsagrada.com\/index.php\/producto\/esponjas-vegetales\/\" data-quantity=\"1\" class=\"button product_type_variable add_to_cart_button\" data-product_id=\"911\" data-product_sku=\"V0012\" aria-label=\"Select options for &ldquo;Esponjas vegetales&rdquo;\" rel=\"nofollow\">Select options<\/a><\/div>\n<div class=\"jet-woo-products-cqw-wrapper\">\n\t<\/div>\t<\/div>\n\t<\/div>\n<div class=\"jet-woo-products__item jet-woo-builder-product col-desk-4 col-tab-2 col-mob-1\" data-product-id=\"909\">\n\t<div class=\"jet-woo-products__inner-box \"   >\n\t\t<div class=\"jet-woo-product-thumbnail\">\n\t\t<a href=\"https:\/\/medicinaancestralsagrada.com\/index.php\/producto\/semillas-mix\/\" ><img decoding=\"async\" width=\"283\" height=\"283\" src=\"https:\/\/medicinaancestralsagrada.com\/wp-content\/uploads\/2024\/03\/producto-imagen-no-disponible.jpg\" class=\"attachment-woocommerce_thumbnail size-woocommerce_thumbnail\" alt=\"\" srcset=\"https:\/\/medicinaancestralsagrada.com\/wp-content\/uploads\/2024\/03\/producto-imagen-no-disponible.jpg 283w, https:\/\/medicinaancestralsagrada.com\/wp-content\/uploads\/2024\/03\/producto-imagen-no-disponible-100x100.jpg 100w\" sizes=\"(max-width: 283px) 100vw, 283px\" \/><\/a>\t<div class=\"jet-woo-product-img-overlay\"><\/div>\n\t<\/div>\n<div class=\"jet-woo-product-categories\"><ul><li><a href=\"https:\/\/medicinaancestralsagrada.com\/index.php\/categoria-producto\/flores\/\" rel=\"tag\">Flores y semillas<\/a><\/li><\/ul><\/div><h5 class=\"jet-woo-product-title\" ><a href=\"https:\/\/medicinaancestralsagrada.com\/index.php\/producto\/semillas-mix\/\" >Semillas mix<\/a><\/h5>\n<div class=\"jet-woo-product-price\"><span class=\"woocommerce-Price-amount amount\"><bdi><span class=\"woocommerce-Price-currencySymbol\">&#36;<\/span>&nbsp;45.000,00<\/bdi><\/span><\/div>\n<div class=\"jet-woo-product-excerpt\">40 paquetes<\/div>\n<div class=\"jet-woo-product-button\"><a href=\"?add-to-cart=909\" data-quantity=\"1\" class=\"button product_type_simple add_to_cart_button ajax_add_to_cart\" data-product_id=\"909\" data-product_sku=\"V0010\" aria-label=\"Add to cart: &ldquo;Semillas mix&rdquo;\" rel=\"nofollow\">Add to cart<\/a><\/div>\n<div class=\"jet-woo-products-cqw-wrapper\">\n\t<\/div>\t<\/div>\n\t<\/div>\n<div class=\"jet-woo-products__item jet-woo-builder-product col-desk-4 col-tab-2 col-mob-1\" data-product-id=\"908\">\n\t<div class=\"jet-woo-products__inner-box \"   >\n\t\t<div class=\"jet-woo-product-thumbnail\">\n\t\t<a href=\"https:\/\/medicinaancestralsagrada.com\/index.php\/producto\/semillas-huerta\/\" ><img decoding=\"async\" width=\"283\" height=\"283\" src=\"https:\/\/medicinaancestralsagrada.com\/wp-content\/uploads\/2024\/03\/producto-imagen-no-disponible.jpg\" class=\"attachment-woocommerce_thumbnail size-woocommerce_thumbnail\" alt=\"\" srcset=\"https:\/\/medicinaancestralsagrada.com\/wp-content\/uploads\/2024\/03\/producto-imagen-no-disponible.jpg 283w, https:\/\/medicinaancestralsagrada.com\/wp-content\/uploads\/2024\/03\/producto-imagen-no-disponible-100x100.jpg 100w\" sizes=\"(max-width: 283px) 100vw, 283px\" \/><\/a>\t<div class=\"jet-woo-product-img-overlay\"><\/div>\n\t<\/div>\n<div class=\"jet-woo-product-categories\"><ul><li><a href=\"https:\/\/medicinaancestralsagrada.com\/index.php\/categoria-producto\/flores\/\" rel=\"tag\">Flores y semillas<\/a><\/li><\/ul><\/div><h5 class=\"jet-woo-product-title\" ><a href=\"https:\/\/medicinaancestralsagrada.com\/index.php\/producto\/semillas-huerta\/\" >Semillas huerta<\/a><\/h5>\n<div class=\"jet-woo-product-price\"><span class=\"woocommerce-Price-amount amount\"><bdi><span class=\"woocommerce-Price-currencySymbol\">&#36;<\/span>&nbsp;2.000,00<\/bdi><\/span><\/div>\n<div class=\"jet-woo-product-excerpt\"><\/div>\n<div class=\"jet-woo-product-button\"><a href=\"?add-to-cart=908\" data-quantity=\"1\" class=\"button product_type_simple add_to_cart_button ajax_add_to_cart\" data-product_id=\"908\" data-product_sku=\"V009\" aria-label=\"Add to cart: &ldquo;Semillas huerta&rdquo;\" rel=\"nofollow\">Add to cart<\/a><\/div>\n<div class=\"jet-woo-products-cqw-wrapper\">\n\t<\/div>\t<\/div>\n\t<\/div>\n<div class=\"jet-woo-products__item jet-woo-builder-product col-desk-4 col-tab-2 col-mob-1\" data-product-id=\"907\">\n\t<div class=\"jet-woo-products__inner-box \"   >\n\t\t<div class=\"jet-woo-product-thumbnail\">\n\t\t<a href=\"https:\/\/medicinaancestralsagrada.com\/index.php\/producto\/semillas-nativas\/\" ><img loading=\"lazy\" decoding=\"async\" width=\"300\" height=\"300\" src=\"https:\/\/medicinaancestralsagrada.com\/wp-content\/uploads\/2024\/03\/SEMILLAS2-300x300.webp\" class=\"attachment-woocommerce_thumbnail size-woocommerce_thumbnail\" alt=\"\" srcset=\"https:\/\/medicinaancestralsagrada.com\/wp-content\/uploads\/2024\/03\/SEMILLAS2-300x300.webp 300w, https:\/\/medicinaancestralsagrada.com\/wp-content\/uploads\/2024\/03\/SEMILLAS2-150x150.webp 150w, https:\/\/medicinaancestralsagrada.com\/wp-content\/uploads\/2024\/03\/SEMILLAS2-600x598.webp 600w, https:\/\/medicinaancestralsagrada.com\/wp-content\/uploads\/2024\/03\/SEMILLAS2-100x100.webp 100w, https:\/\/medicinaancestralsagrada.com\/wp-content\/uploads\/2024\/03\/SEMILLAS2.webp 702w\" sizes=\"(max-width: 300px) 100vw, 300px\" \/><\/a>\t<div class=\"jet-woo-product-img-overlay\"><\/div>\n\t<\/div>\n<div class=\"jet-woo-product-categories\"><ul><li><a href=\"https:\/\/medicinaancestralsagrada.com\/index.php\/categoria-producto\/flores\/\" rel=\"tag\">Flores y semillas<\/a><\/li><\/ul><\/div><h5 class=\"jet-woo-product-title\" ><a href=\"https:\/\/medicinaancestralsagrada.com\/index.php\/producto\/semillas-nativas\/\" >Semillas nativas<\/a><\/h5>\n<div class=\"jet-woo-product-price\"><span class=\"woocommerce-Price-amount amount\"><bdi><span class=\"woocommerce-Price-currencySymbol\">&#36;<\/span>&nbsp;2.000,00<\/bdi><\/span><\/div>\n<div class=\"jet-woo-product-excerpt\"><\/div>\n<div class=\"jet-woo-product-button\"><a href=\"?add-to-cart=907\" data-quantity=\"1\" class=\"button product_type_simple add_to_cart_button ajax_add_to_cart\" data-product_id=\"907\" data-product_sku=\"V008\" aria-label=\"Add to cart: &ldquo;Semillas nativas&rdquo;\" rel=\"nofollow\">Add to cart<\/a><\/div>\n<div class=\"jet-woo-products-cqw-wrapper\">\n\t<\/div>\t<\/div>\n\t<\/div>\n<div class=\"jet-woo-products__item jet-woo-builder-product col-desk-4 col-tab-2 col-mob-1\" data-product-id=\"906\">\n\t<div class=\"jet-woo-products__inner-box \"   >\n\t\t<div class=\"jet-woo-product-thumbnail\">\n\t\t<a href=\"https:\/\/medicinaancestralsagrada.com\/index.php\/producto\/semillas-flores\/\" ><img loading=\"lazy\" decoding=\"async\" width=\"300\" height=\"300\" src=\"https:\/\/medicinaancestralsagrada.com\/wp-content\/uploads\/2024\/03\/SEMILLAS-300x300.webp\" class=\"attachment-woocommerce_thumbnail size-woocommerce_thumbnail\" alt=\"\" srcset=\"https:\/\/medicinaancestralsagrada.com\/wp-content\/uploads\/2024\/03\/SEMILLAS-300x300.webp 300w, https:\/\/medicinaancestralsagrada.com\/wp-content\/uploads\/2024\/03\/SEMILLAS-150x150.webp 150w, https:\/\/medicinaancestralsagrada.com\/wp-content\/uploads\/2024\/03\/SEMILLAS-600x598.webp 600w, https:\/\/medicinaancestralsagrada.com\/wp-content\/uploads\/2024\/03\/SEMILLAS-100x100.webp 100w, https:\/\/medicinaancestralsagrada.com\/wp-content\/uploads\/2024\/03\/SEMILLAS.webp 702w\" sizes=\"(max-width: 300px) 100vw, 300px\" \/><\/a>\t<div class=\"jet-woo-product-img-overlay\"><\/div>\n\t<\/div>\n<div class=\"jet-woo-product-categories\"><ul><li><a href=\"https:\/\/medicinaancestralsagrada.com\/index.php\/categoria-producto\/flores\/\" rel=\"tag\">Flores y semillas<\/a><\/li><\/ul><\/div><h5 class=\"jet-woo-product-title\" ><a href=\"https:\/\/medicinaancestralsagrada.com\/index.php\/producto\/semillas-flores\/\" >Semillas flores<\/a><\/h5>\n<div class=\"jet-woo-product-price\"><span class=\"woocommerce-Price-amount amount\"><bdi><span class=\"woocommerce-Price-currencySymbol\">&#36;<\/span>&nbsp;2.000,00<\/bdi><\/span><\/div>\n<div class=\"jet-woo-product-excerpt\"><\/div>\n<div class=\"jet-woo-product-button\"><a href=\"?add-to-cart=906\" data-quantity=\"1\" class=\"button product_type_simple add_to_cart_button ajax_add_to_cart\" data-product_id=\"906\" data-product_sku=\"V007\" aria-label=\"Add to cart: &ldquo;Semillas flores&rdquo;\" rel=\"nofollow\">Add to cart<\/a><\/div>\n<div class=\"jet-woo-products-cqw-wrapper\">\n\t<\/div>\t<\/div>\n\t<\/div><\/div>\n<\/div>\t\t<\/div>\n\t\t\t\t<\/div>\n\t\t\t\t\t<\/div>\n\t\t<\/div>\n\t\t\t\t\t<\/div>\n\t\t<\/section>\n\t\t\t\t<\/div>\n\t\t","protected":false},"excerpt":{"rendered":"<p>Flores y Semillas Dale vida a tu jard\u00edn con nuestra selecci\u00f3n de flores y semillas. Encontr\u00e1 variedades \u00fanicas para cada estaci\u00f3n, ideales para decorar, regalar o cultivar tu propio rinc\u00f3n natural. Sembr\u00e1 color, aroma y alegr\u00eda con productos pensados para amantes de la tierra y la belleza viva. Flores y semillas Semillas plantas medicinales &#36;&nbsp;2.000,00 &hellip;<\/p>\n<p class=\"read-more\"> <a class=\"\" href=\"https:\/\/medicinaancestralsagrada.com\/index.php\/producto\/semillas-flores\/\"> <span class=\"screen-reader-text\">Semillas flores<\/span> Leer m\u00e1s &raquo;<\/a><\/p>\n","protected":false},"author":1,"featured_media":0,"parent":0,"menu_order":0,"comment_status":"closed","ping_status":"closed","template":"","meta":{"_joinchat":[],"footnotes":""},"class_list":["post-1702","page","type-page","status-publish","hentry"],"_links":{"self":[{"href":"https:\/\/medicinaancestralsagrada.com\/index.php\/wp-json\/wp\/v2\/pages\/1702","targetHints":{"allow":["GET"]}}],"collection":[{"href":"https:\/\/medicinaancestralsagrada.com\/index.php\/wp-json\/wp\/v2\/pages"}],"about":[{"href":"https:\/\/medicinaancestralsagrada.com\/index.php\/wp-json\/wp\/v2\/types\/page"}],"author":[{"embeddable":true,"href":"https:\/\/medicinaancestralsagrada.com\/index.php\/wp-json\/wp\/v2\/users\/1"}],"replies":[{"embeddable":true,"href":"https:\/\/medicinaancestralsagrada.com\/index.php\/wp-json\/wp\/v2\/comments?post=1702"}],"version-history":[{"count":4,"href":"https:\/\/medicinaancestralsagrada.com\/index.php\/wp-json\/wp\/v2\/pages\/1702\/revisions"}],"predecessor-version":[{"id":2221,"href":"https:\/\/medicinaancestralsagrada.com\/index.php\/wp-json\/wp\/v2\/pages\/1702\/revisions\/2221"}],"wp:attachment":[{"href":"https:\/\/medicinaancestralsagrada.com\/index.php\/wp-json\/wp\/v2\/media?parent=1702"}],"curies":[{"name":"wp","href":"https:\/\/api.w.org\/{rel}","templated":true}]}}