{"id":997,"date":"2024-03-29T15:30:25","date_gmt":"2024-03-29T18:30:25","guid":{"rendered":"https:\/\/medicinaancestralsagrada.com\/?page_id=997"},"modified":"2025-11-13T21:24:32","modified_gmt":"2025-11-14T00:24:32","slug":"actividades-en-casa-viento-sur","status":"publish","type":"page","link":"https:\/\/medicinaancestralsagrada.com\/index.php\/actividades-en-casa-viento-sur\/","title":{"rendered":"Actividades en Casa Viento Sur"},"content":{"rendered":"\t\t<div data-elementor-type=\"wp-page\" data-elementor-id=\"997\" class=\"elementor elementor-997\" data-elementor-post-type=\"page\">\n\t\t\t\t\t\t<section class=\"elementor-section elementor-top-section elementor-element elementor-element-308f30e6 elementor-section-full_width elementor-section-height-default elementor-section-height-default\" data-id=\"308f30e6\" data-element_type=\"section\" data-settings=\"{&quot;background_background&quot;:&quot;gradient&quot;}\">\n\t\t\t\t\t\t\t<div class=\"elementor-background-overlay\"><\/div>\n\t\t\t\t\t\t\t<div class=\"elementor-container elementor-column-gap-default\">\n\t\t\t\t\t<div class=\"elementor-column elementor-col-100 elementor-top-column elementor-element elementor-element-4452f38e\" data-id=\"4452f38e\" data-element_type=\"column\" data-settings=\"{&quot;background_background&quot;:&quot;classic&quot;}\">\n\t\t\t<div class=\"elementor-widget-wrap elementor-element-populated\">\n\t\t\t\t\t\t<section class=\"elementor-section elementor-inner-section elementor-element elementor-element-325b53c2 elementor-section-boxed elementor-section-height-default elementor-section-height-default\" data-id=\"325b53c2\" data-element_type=\"section\">\n\t\t\t\t\t\t<div class=\"elementor-container elementor-column-gap-default\">\n\t\t\t\t\t<div class=\"elementor-column elementor-col-100 elementor-inner-column elementor-element elementor-element-6fba3111\" data-id=\"6fba3111\" data-element_type=\"column\">\n\t\t\t<div class=\"elementor-widget-wrap elementor-element-populated\">\n\t\t\t\t\t\t<div class=\"elementor-element elementor-element-abfa8c6 elementor-invisible elementor-widget elementor-widget-theme-site-logo elementor-widget-image\" data-id=\"abfa8c6\" data-element_type=\"widget\" data-settings=\"{&quot;_animation&quot;:&quot;zoomIn&quot;}\" data-widget_type=\"theme-site-logo.default\">\n\t\t\t\t<div class=\"elementor-widget-container\">\n\t\t\t\t\t\t\t\t<div class=\"elementor-image\">\n\t\t\t\t\t\t\t\t<a href=\"https:\/\/medicinaancestralsagrada.com\">\n\t\t\t<img fetchpriority=\"high\" decoding=\"async\" width=\"822\" height=\"246\" src=\"https:\/\/medicinaancestralsagrada.com\/wp-content\/uploads\/2024\/02\/LOGOsite6-330x99.png\" class=\"attachment-full size-full wp-image-373\" alt=\"\" srcset=\"https:\/\/medicinaancestralsagrada.com\/wp-content\/uploads\/2024\/02\/LOGOsite6.png 822w, https:\/\/medicinaancestralsagrada.com\/wp-content\/uploads\/2024\/02\/LOGOsite6-300x90.png 300w, https:\/\/medicinaancestralsagrada.com\/wp-content\/uploads\/2024\/02\/LOGOsite6-768x230.png 768w, https:\/\/medicinaancestralsagrada.com\/wp-content\/uploads\/2024\/02\/LOGOsite6-600x180.png 600w, https:\/\/medicinaancestralsagrada.com\/wp-content\/uploads\/2024\/02\/LOGOsite6-330x99.png 330w\" sizes=\"(max-width: 822px) 100vw, 822px\" \/>\t\t\t\t<\/a>\n\t\t\t\t\t\t\t\t\t\t<\/div>\n\t\t\t\t\t\t<\/div>\n\t\t\t\t<\/div>\n\t\t\t\t<div class=\"elementor-element elementor-element-6d618b54 elementor-invisible elementor-widget elementor-widget-heading\" data-id=\"6d618b54\" data-element_type=\"widget\" data-settings=\"{&quot;_animation&quot;:&quot;slideInLeft&quot;}\" data-widget_type=\"heading.default\">\n\t\t\t\t<div class=\"elementor-widget-container\">\n\t\t\t<h2 class=\"elementor-heading-title elementor-size-default\">Actividades en Casa Viento Sur<\/h2>\t\t<\/div>\n\t\t\t\t<\/div>\n\t\t\t\t<div class=\"elementor-element elementor-element-4300cfe7 elementor-invisible elementor-widget elementor-widget-text-editor\" data-id=\"4300cfe7\" data-element_type=\"widget\" data-settings=\"{&quot;_animation&quot;:&quot;slideInRight&quot;}\" data-widget_type=\"text-editor.default\">\n\t\t\t\t<div class=\"elementor-widget-container\">\n\t\t\t\t\t\t\t<p>En Casa Viento Sur te esperan actividades que nutren cuerpo y alma: talleres creativos y espacios de conexi\u00f3n con la naturaleza. Cada propuesta invita a compartir, explorar y crecer en comunidad, en un entorno c\u00e1lido y lleno de inspiraci\u00f3n.<\/p>\t\t\t\t\t\t<\/div>\n\t\t\t\t<\/div>\n\t\t\t\t\t<\/div>\n\t\t<\/div>\n\t\t\t\t\t<\/div>\n\t\t<\/section>\n\t\t\t\t<div class=\"elementor-element elementor-element-761ffe1 elementor-invisible elementor-widget elementor-widget-jet-woo-products\" data-id=\"761ffe1\" data-element_type=\"widget\" data-settings=\"{&quot;_animation&quot;:&quot;slideInUp&quot;}\" data-widget_type=\"jet-woo-products.default\">\n\t\t\t\t<div class=\"elementor-widget-container\">\n\t\t\t<div class=\"elementor-jet-woo-products jet-woo-builder\">\n<div class=\"jet-woo-products jet-woo-products--preset-1  col-row\" data-mobile-hover=\"\" >\n<div class=\"jet-woo-products__item jet-woo-builder-product col-desk-4 col-tab-2 col-mob-1\" data-product-id=\"983\">\n\t<div class=\"jet-woo-products__inner-box \"   >\n\t\t<div class=\"jet-woo-product-thumbnail\">\n\t\t<a href=\"https:\/\/medicinaancestralsagrada.com\/index.php\/producto\/sanaciones-individuales-y-grupales\/\" ><img decoding=\"async\" width=\"283\" height=\"283\" src=\"https:\/\/medicinaancestralsagrada.com\/wp-content\/uploads\/2024\/03\/producto-imagen-no-disponible.jpg\" class=\"attachment-woocommerce_thumbnail size-woocommerce_thumbnail\" alt=\"\" srcset=\"https:\/\/medicinaancestralsagrada.com\/wp-content\/uploads\/2024\/03\/producto-imagen-no-disponible.jpg 283w, https:\/\/medicinaancestralsagrada.com\/wp-content\/uploads\/2024\/03\/producto-imagen-no-disponible-100x100.jpg 100w\" sizes=\"(max-width: 283px) 100vw, 283px\" \/><\/a>\t<div class=\"jet-woo-product-img-overlay\"><\/div>\n\t<\/div>\n<div class=\"jet-woo-product-categories\"><ul><li><a href=\"https:\/\/medicinaancestralsagrada.com\/index.php\/categoria-producto\/actividades\/\" rel=\"tag\">Actividades en Casa Viento Sur<\/a><\/li><\/ul><\/div><h5 class=\"jet-woo-product-title\" ><a href=\"https:\/\/medicinaancestralsagrada.com\/index.php\/producto\/sanaciones-individuales-y-grupales\/\" >Sanaciones individuales y grupales<\/a><\/h5>\n<div class=\"jet-woo-product-excerpt\"><\/div>\n<div class=\"jet-woo-product-button\"><a href=\"https:\/\/medicinaancestralsagrada.com\/index.php\/producto\/sanaciones-individuales-y-grupales\/\" data-quantity=\"1\" class=\"button product_type_simple\" data-product_id=\"983\" data-product_sku=\"V0084\" aria-label=\"Read more about &ldquo;Sanaciones individuales y grupales&rdquo;\" rel=\"nofollow\">Read more<\/a><\/div>\n<div class=\"jet-woo-products-cqw-wrapper\">\n\t<\/div>\t<\/div>\n\t<\/div>\n<div class=\"jet-woo-products__item jet-woo-builder-product col-desk-4 col-tab-2 col-mob-1\" data-product-id=\"982\">\n\t<div class=\"jet-woo-products__inner-box \"   >\n\t\t<div class=\"jet-woo-product-thumbnail\">\n\t\t<a href=\"https:\/\/medicinaancestralsagrada.com\/index.php\/producto\/encuentro-yuyero\/\" ><img decoding=\"async\" width=\"300\" height=\"300\" src=\"https:\/\/medicinaancestralsagrada.com\/wp-content\/uploads\/2024\/03\/HIERBAS-E-INFUSIONES2323-300x300.webp\" class=\"attachment-woocommerce_thumbnail size-woocommerce_thumbnail\" alt=\"\" srcset=\"https:\/\/medicinaancestralsagrada.com\/wp-content\/uploads\/2024\/03\/HIERBAS-E-INFUSIONES2323-300x300.webp 300w, https:\/\/medicinaancestralsagrada.com\/wp-content\/uploads\/2024\/03\/HIERBAS-E-INFUSIONES2323-150x150.webp 150w, https:\/\/medicinaancestralsagrada.com\/wp-content\/uploads\/2024\/03\/HIERBAS-E-INFUSIONES2323-600x598.webp 600w, https:\/\/medicinaancestralsagrada.com\/wp-content\/uploads\/2024\/03\/HIERBAS-E-INFUSIONES2323-100x100.webp 100w, https:\/\/medicinaancestralsagrada.com\/wp-content\/uploads\/2024\/03\/HIERBAS-E-INFUSIONES2323.webp 702w\" sizes=\"(max-width: 300px) 100vw, 300px\" \/><\/a>\t<div class=\"jet-woo-product-img-overlay\"><\/div>\n\t<\/div>\n<div class=\"jet-woo-product-categories\"><ul><li><a href=\"https:\/\/medicinaancestralsagrada.com\/index.php\/categoria-producto\/actividades\/\" rel=\"tag\">Actividades en Casa Viento Sur<\/a><\/li><\/ul><\/div><h5 class=\"jet-woo-product-title\" ><a href=\"https:\/\/medicinaancestralsagrada.com\/index.php\/producto\/encuentro-yuyero\/\" >Encuentro yuyero<\/a><\/h5>\n<div class=\"jet-woo-product-price\"><span class=\"woocommerce-Price-amount amount\"><bdi><span class=\"woocommerce-Price-currencySymbol\">&#36;<\/span>&nbsp;0,00<\/bdi><\/span><\/div>\n<div class=\"jet-woo-product-excerpt\">Entrada libre y gratuita. Reserv\u00e1 tu lugar.<\/div>\n<div class=\"jet-woo-product-button\"><a href=\"?add-to-cart=982\" data-quantity=\"1\" class=\"button product_type_simple add_to_cart_button ajax_add_to_cart\" data-product_id=\"982\" data-product_sku=\"V0083\" aria-label=\"Add to cart: &ldquo;Encuentro yuyero&rdquo;\" rel=\"nofollow\">Add to cart<\/a><\/div>\n<div class=\"jet-woo-products-cqw-wrapper\">\n\t<\/div>\t<\/div>\n\t<\/div>\n<div class=\"jet-woo-products__item jet-woo-builder-product col-desk-4 col-tab-2 col-mob-1\" data-product-id=\"981\">\n\t<div class=\"jet-woo-products__inner-box \"   >\n\t\t<div class=\"jet-woo-product-thumbnail\">\n\t\t<a href=\"https:\/\/medicinaancestralsagrada.com\/index.php\/producto\/circulo-de-mujeres\/\" ><img loading=\"lazy\" decoding=\"async\" width=\"300\" height=\"300\" src=\"https:\/\/medicinaancestralsagrada.com\/wp-content\/uploads\/2024\/03\/CIRCULO-MUJERES768756657-300x300.webp\" class=\"attachment-woocommerce_thumbnail size-woocommerce_thumbnail\" alt=\"\" srcset=\"https:\/\/medicinaancestralsagrada.com\/wp-content\/uploads\/2024\/03\/CIRCULO-MUJERES768756657-300x300.webp 300w, https:\/\/medicinaancestralsagrada.com\/wp-content\/uploads\/2024\/03\/CIRCULO-MUJERES768756657-150x150.webp 150w, https:\/\/medicinaancestralsagrada.com\/wp-content\/uploads\/2024\/03\/CIRCULO-MUJERES768756657-600x598.webp 600w, https:\/\/medicinaancestralsagrada.com\/wp-content\/uploads\/2024\/03\/CIRCULO-MUJERES768756657-100x100.webp 100w, https:\/\/medicinaancestralsagrada.com\/wp-content\/uploads\/2024\/03\/CIRCULO-MUJERES768756657.webp 702w\" sizes=\"(max-width: 300px) 100vw, 300px\" \/><\/a>\t<div class=\"jet-woo-product-img-overlay\"><\/div>\n\t<\/div>\n<div class=\"jet-woo-product-categories\"><ul><li><a href=\"https:\/\/medicinaancestralsagrada.com\/index.php\/categoria-producto\/actividades\/\" rel=\"tag\">Actividades en Casa Viento Sur<\/a><\/li><\/ul><\/div><h5 class=\"jet-woo-product-title\" ><a href=\"https:\/\/medicinaancestralsagrada.com\/index.php\/producto\/circulo-de-mujeres\/\" >C\u00edrculo de mujeres<\/a><\/h5>\n<div class=\"jet-woo-product-excerpt\"><\/div>\n<div class=\"jet-woo-product-button\"><a href=\"https:\/\/medicinaancestralsagrada.com\/index.php\/producto\/circulo-de-mujeres\/\" data-quantity=\"1\" class=\"button product_type_simple\" data-product_id=\"981\" data-product_sku=\"V0082\" aria-label=\"Read more about &ldquo;C\u00edrculo de mujeres&rdquo;\" rel=\"nofollow\">Read more<\/a><\/div>\n<div class=\"jet-woo-products-cqw-wrapper\">\n\t<\/div>\t<\/div>\n\t<\/div>\n<div class=\"jet-woo-products__item jet-woo-builder-product col-desk-4 col-tab-2 col-mob-1\" data-product-id=\"980\">\n\t<div class=\"jet-woo-products__inner-box \"   >\n\t\t<div class=\"jet-woo-product-thumbnail\">\n\t\t<a href=\"https:\/\/medicinaancestralsagrada.com\/index.php\/producto\/circulo-chamanico-armado-de-tambor\/\" ><img loading=\"lazy\" decoding=\"async\" width=\"300\" height=\"300\" src=\"https:\/\/medicinaancestralsagrada.com\/wp-content\/uploads\/2024\/03\/TAMBOR768756657-300x300.webp\" class=\"attachment-woocommerce_thumbnail size-woocommerce_thumbnail\" alt=\"\" srcset=\"https:\/\/medicinaancestralsagrada.com\/wp-content\/uploads\/2024\/03\/TAMBOR768756657-300x300.webp 300w, https:\/\/medicinaancestralsagrada.com\/wp-content\/uploads\/2024\/03\/TAMBOR768756657-150x150.webp 150w, https:\/\/medicinaancestralsagrada.com\/wp-content\/uploads\/2024\/03\/TAMBOR768756657-600x598.webp 600w, https:\/\/medicinaancestralsagrada.com\/wp-content\/uploads\/2024\/03\/TAMBOR768756657-100x100.webp 100w, https:\/\/medicinaancestralsagrada.com\/wp-content\/uploads\/2024\/03\/TAMBOR768756657.webp 702w\" sizes=\"(max-width: 300px) 100vw, 300px\" \/><\/a>\t<div class=\"jet-woo-product-img-overlay\"><\/div>\n\t<\/div>\n<div class=\"jet-woo-product-categories\"><ul><li><a href=\"https:\/\/medicinaancestralsagrada.com\/index.php\/categoria-producto\/actividades\/\" rel=\"tag\">Actividades en Casa Viento Sur<\/a><\/li><\/ul><\/div><h5 class=\"jet-woo-product-title\" ><a href=\"https:\/\/medicinaancestralsagrada.com\/index.php\/producto\/circulo-chamanico-armado-de-tambor\/\" >C\u00edrculo cham\u00e1nico armado de tambor<\/a><\/h5>\n<div class=\"jet-woo-product-excerpt\"><\/div>\n<div class=\"jet-woo-product-button\"><a href=\"https:\/\/medicinaancestralsagrada.com\/index.php\/producto\/circulo-chamanico-armado-de-tambor\/\" data-quantity=\"1\" class=\"button product_type_simple\" data-product_id=\"980\" data-product_sku=\"V0081\" aria-label=\"Read more about &ldquo;C\u00edrculo cham\u00e1nico armado de tambor&rdquo;\" rel=\"nofollow\">Read more<\/a><\/div>\n<div class=\"jet-woo-products-cqw-wrapper\">\n\t<\/div>\t<\/div>\n\t<\/div>\n<div class=\"jet-woo-products__item jet-woo-builder-product col-desk-4 col-tab-2 col-mob-1\" data-product-id=\"979\">\n\t<div class=\"jet-woo-products__inner-box \"   >\n\t\t<div class=\"jet-woo-product-thumbnail\">\n\t\t<a href=\"https:\/\/medicinaancestralsagrada.com\/index.php\/producto\/retiro-alimentacion-conciente\/\" ><img loading=\"lazy\" decoding=\"async\" width=\"300\" height=\"300\" src=\"https:\/\/medicinaancestralsagrada.com\/wp-content\/uploads\/2024\/03\/ALIMENTACIONCONCIENTE768756657-300x300.webp\" class=\"attachment-woocommerce_thumbnail size-woocommerce_thumbnail\" alt=\"\" srcset=\"https:\/\/medicinaancestralsagrada.com\/wp-content\/uploads\/2024\/03\/ALIMENTACIONCONCIENTE768756657-300x300.webp 300w, https:\/\/medicinaancestralsagrada.com\/wp-content\/uploads\/2024\/03\/ALIMENTACIONCONCIENTE768756657-150x150.webp 150w, https:\/\/medicinaancestralsagrada.com\/wp-content\/uploads\/2024\/03\/ALIMENTACIONCONCIENTE768756657-600x598.webp 600w, https:\/\/medicinaancestralsagrada.com\/wp-content\/uploads\/2024\/03\/ALIMENTACIONCONCIENTE768756657-100x100.webp 100w, https:\/\/medicinaancestralsagrada.com\/wp-content\/uploads\/2024\/03\/ALIMENTACIONCONCIENTE768756657.webp 702w\" sizes=\"(max-width: 300px) 100vw, 300px\" \/><\/a>\t<div class=\"jet-woo-product-img-overlay\"><\/div>\n\t<\/div>\n<div class=\"jet-woo-product-categories\"><ul><li><a href=\"https:\/\/medicinaancestralsagrada.com\/index.php\/categoria-producto\/actividades\/\" rel=\"tag\">Actividades en Casa Viento Sur<\/a><\/li><\/ul><\/div><h5 class=\"jet-woo-product-title\" ><a href=\"https:\/\/medicinaancestralsagrada.com\/index.php\/producto\/retiro-alimentacion-conciente\/\" >Retiro alimentaci\u00f3n conciente<\/a><\/h5>\n<div class=\"jet-woo-product-excerpt\"><\/div>\n<div class=\"jet-woo-product-button\"><a href=\"https:\/\/medicinaancestralsagrada.com\/index.php\/producto\/retiro-alimentacion-conciente\/\" data-quantity=\"1\" class=\"button product_type_simple\" data-product_id=\"979\" data-product_sku=\"V0080\" aria-label=\"Read more about &ldquo;Retiro alimentaci\u00f3n conciente&rdquo;\" rel=\"nofollow\">Read more<\/a><\/div>\n<div class=\"jet-woo-products-cqw-wrapper\">\n\t<\/div>\t<\/div>\n\t<\/div>\n<div class=\"jet-woo-products__item jet-woo-builder-product col-desk-4 col-tab-2 col-mob-1\" data-product-id=\"978\">\n\t<div class=\"jet-woo-products__inner-box \"   >\n\t\t<div class=\"jet-woo-product-thumbnail\">\n\t\t<a href=\"https:\/\/medicinaancestralsagrada.com\/index.php\/producto\/yoga\/\" ><img loading=\"lazy\" decoding=\"async\" width=\"300\" height=\"300\" src=\"https:\/\/medicinaancestralsagrada.com\/wp-content\/uploads\/2024\/03\/YOGA768756657-300x300.webp\" class=\"attachment-woocommerce_thumbnail size-woocommerce_thumbnail\" alt=\"\" srcset=\"https:\/\/medicinaancestralsagrada.com\/wp-content\/uploads\/2024\/03\/YOGA768756657-300x300.webp 300w, https:\/\/medicinaancestralsagrada.com\/wp-content\/uploads\/2024\/03\/YOGA768756657-150x150.webp 150w, https:\/\/medicinaancestralsagrada.com\/wp-content\/uploads\/2024\/03\/YOGA768756657-600x598.webp 600w, https:\/\/medicinaancestralsagrada.com\/wp-content\/uploads\/2024\/03\/YOGA768756657-100x100.webp 100w, https:\/\/medicinaancestralsagrada.com\/wp-content\/uploads\/2024\/03\/YOGA768756657.webp 702w\" sizes=\"(max-width: 300px) 100vw, 300px\" \/><\/a>\t<div class=\"jet-woo-product-img-overlay\"><\/div>\n\t<\/div>\n<div class=\"jet-woo-product-categories\"><ul><li><a href=\"https:\/\/medicinaancestralsagrada.com\/index.php\/categoria-producto\/actividades\/\" rel=\"tag\">Actividades en Casa Viento Sur<\/a><\/li><\/ul><\/div><h5 class=\"jet-woo-product-title\" ><a href=\"https:\/\/medicinaancestralsagrada.com\/index.php\/producto\/yoga\/\" >Yoga<\/a><\/h5>\n<div class=\"jet-woo-product-excerpt\"><\/div>\n<div class=\"jet-woo-product-button\"><a href=\"https:\/\/medicinaancestralsagrada.com\/index.php\/producto\/yoga\/\" data-quantity=\"1\" class=\"button product_type_simple\" data-product_id=\"978\" data-product_sku=\"V0079\" aria-label=\"Read more about &ldquo;Yoga&rdquo;\" rel=\"nofollow\">Read more<\/a><\/div>\n<div class=\"jet-woo-products-cqw-wrapper\">\n\t<\/div>\t<\/div>\n\t<\/div>\n<div class=\"jet-woo-products__item jet-woo-builder-product col-desk-4 col-tab-2 col-mob-1\" data-product-id=\"977\">\n\t<div class=\"jet-woo-products__inner-box \"   >\n\t\t<div class=\"jet-woo-product-thumbnail\">\n\t\t<a href=\"https:\/\/medicinaancestralsagrada.com\/index.php\/producto\/temazcal\/\" ><img loading=\"lazy\" decoding=\"async\" width=\"300\" height=\"300\" src=\"https:\/\/medicinaancestralsagrada.com\/wp-content\/uploads\/2024\/03\/TEMAZCAL2323-300x300.webp\" class=\"attachment-woocommerce_thumbnail size-woocommerce_thumbnail\" alt=\"\" srcset=\"https:\/\/medicinaancestralsagrada.com\/wp-content\/uploads\/2024\/03\/TEMAZCAL2323-300x300.webp 300w, https:\/\/medicinaancestralsagrada.com\/wp-content\/uploads\/2024\/03\/TEMAZCAL2323-150x150.webp 150w, https:\/\/medicinaancestralsagrada.com\/wp-content\/uploads\/2024\/03\/TEMAZCAL2323-600x598.webp 600w, https:\/\/medicinaancestralsagrada.com\/wp-content\/uploads\/2024\/03\/TEMAZCAL2323-100x100.webp 100w, https:\/\/medicinaancestralsagrada.com\/wp-content\/uploads\/2024\/03\/TEMAZCAL2323.webp 702w\" sizes=\"(max-width: 300px) 100vw, 300px\" \/><\/a>\t<div class=\"jet-woo-product-img-overlay\"><\/div>\n\t<\/div>\n<div class=\"jet-woo-product-categories\"><ul><li><a href=\"https:\/\/medicinaancestralsagrada.com\/index.php\/categoria-producto\/actividades\/\" rel=\"tag\">Actividades en Casa Viento Sur<\/a><\/li><\/ul><\/div><h5 class=\"jet-woo-product-title\" ><a href=\"https:\/\/medicinaancestralsagrada.com\/index.php\/producto\/temazcal\/\" >Temazcal<\/a><\/h5>\n<div class=\"jet-woo-product-excerpt\"><\/div>\n<div class=\"jet-woo-product-button\"><a href=\"https:\/\/medicinaancestralsagrada.com\/index.php\/producto\/temazcal\/\" data-quantity=\"1\" class=\"button product_type_simple\" data-product_id=\"977\" data-product_sku=\"V0078\" aria-label=\"Read more about &ldquo;Temazcal&rdquo;\" rel=\"nofollow\">Read more<\/a><\/div>\n<div class=\"jet-woo-products-cqw-wrapper\">\n\t<\/div>\t<\/div>\n\t<\/div><\/div>\n<\/div>\t\t<\/div>\n\t\t\t\t<\/div>\n\t\t\t\t\t<\/div>\n\t\t<\/div>\n\t\t\t\t\t<\/div>\n\t\t<\/section>\n\t\t\t\t<\/div>\n\t\t","protected":false},"excerpt":{"rendered":"<p>Actividades en Casa Viento Sur En Casa Viento Sur te esperan actividades que nutren cuerpo y alma: talleres creativos y espacios de conexi\u00f3n con la naturaleza. Cada propuesta invita a compartir, explorar y crecer en comunidad, en un entorno c\u00e1lido y lleno de inspiraci\u00f3n. Actividades en Casa Viento Sur Sanaciones individuales y grupales Read more &hellip;<\/p>\n<p class=\"read-more\"> <a class=\"\" href=\"https:\/\/medicinaancestralsagrada.com\/index.php\/producto\/temazcal\/\"> <span class=\"screen-reader-text\">Temazcal<\/span> Leer m\u00e1s &raquo;<\/a><\/p>\n","protected":false},"author":1,"featured_media":0,"parent":0,"menu_order":0,"comment_status":"closed","ping_status":"closed","template":"","meta":{"_joinchat":[],"footnotes":""},"class_list":["post-997","page","type-page","status-publish","hentry"],"_links":{"self":[{"href":"https:\/\/medicinaancestralsagrada.com\/index.php\/wp-json\/wp\/v2\/pages\/997","targetHints":{"allow":["GET"]}}],"collection":[{"href":"https:\/\/medicinaancestralsagrada.com\/index.php\/wp-json\/wp\/v2\/pages"}],"about":[{"href":"https:\/\/medicinaancestralsagrada.com\/index.php\/wp-json\/wp\/v2\/types\/page"}],"author":[{"embeddable":true,"href":"https:\/\/medicinaancestralsagrada.com\/index.php\/wp-json\/wp\/v2\/users\/1"}],"replies":[{"embeddable":true,"href":"https:\/\/medicinaancestralsagrada.com\/index.php\/wp-json\/wp\/v2\/comments?post=997"}],"version-history":[{"count":36,"href":"https:\/\/medicinaancestralsagrada.com\/index.php\/wp-json\/wp\/v2\/pages\/997\/revisions"}],"predecessor-version":[{"id":2218,"href":"https:\/\/medicinaancestralsagrada.com\/index.php\/wp-json\/wp\/v2\/pages\/997\/revisions\/2218"}],"wp:attachment":[{"href":"https:\/\/medicinaancestralsagrada.com\/index.php\/wp-json\/wp\/v2\/media?parent=997"}],"curies":[{"name":"wp","href":"https:\/\/api.w.org\/{rel}","templated":true}]}}